{"id":11,"date":"2021-01-20T13:06:22","date_gmt":"2021-01-20T13:06:22","guid":{"rendered":"https:\/\/www.cargodepot.mx\/blog\/?page_id=11"},"modified":"2026-05-07T17:20:41","modified_gmt":"2026-05-07T17:20:41","slug":"home","status":"publish","type":"page","link":"https:\/\/www.cargodepot.mx\/blog\/","title":{"rendered":"Home"},"content":{"rendered":"\t\t<div data-elementor-type=\"wp-page\" data-elementor-id=\"11\" class=\"elementor elementor-11\" data-elementor-post-type=\"page\">\n\t\t\t\t\t\t<section class=\"elementor-section elementor-top-section elementor-element elementor-element-254b2e9 elementor-section-full_width elementor-section-height-default elementor-section-height-default\" data-id=\"254b2e9\" data-element_type=\"section\" data-e-type=\"section\" data-settings=\"{&quot;background_background&quot;:&quot;classic&quot;}\">\n\t\t\t\t\t\t<div class=\"elementor-container elementor-column-gap-wider\">\n\t\t\t\t\t<div class=\"elementor-column elementor-col-100 elementor-top-column elementor-element elementor-element-50846365\" data-id=\"50846365\" data-element_type=\"column\" data-e-type=\"column\" data-settings=\"{&quot;background_background&quot;:&quot;classic&quot;}\">\n\t\t\t<div class=\"elementor-widget-wrap elementor-element-populated\">\n\t\t\t\t\t\t<section class=\"elementor-section elementor-inner-section elementor-element elementor-element-63eebe9 elementor-section-full_width elementor-section-height-default elementor-section-height-default\" data-id=\"63eebe9\" data-element_type=\"section\" data-e-type=\"section\" data-settings=\"{&quot;background_background&quot;:&quot;classic&quot;}\">\n\t\t\t\t\t\t<div class=\"elementor-container elementor-column-gap-no\">\n\t\t\t\t\t<div class=\"elementor-column elementor-col-100 elementor-inner-column elementor-element elementor-element-271ec895\" data-id=\"271ec895\" data-element_type=\"column\" data-e-type=\"column\">\n\t\t\t<div class=\"elementor-widget-wrap elementor-element-populated\">\n\t\t\t\t\t\t<div class=\"elementor-element elementor-element-5c0c7da1 elementor-widget elementor-widget-image\" data-id=\"5c0c7da1\" data-element_type=\"widget\" data-e-type=\"widget\" data-widget_type=\"image.default\">\n\t\t\t\t\t\t\t\t\t\t\t\t\t\t\t<img decoding=\"async\" src=\"https:\/\/www.cargodepot.mx\/blog\/wp-content\/uploads\/inicio.jpeg\" title=\"inicio\" alt=\"inicio\" loading=\"lazy\" \/>\t\t\t\t\t\t\t\t\t\t\t\t\t\t\t<\/div>\n\t\t\t\t\t<\/div>\n\t\t<\/div>\n\t\t\t\t\t<\/div>\n\t\t<\/section>\n\t\t\t\t<section class=\"elementor-section elementor-inner-section elementor-element elementor-element-257a97f elementor-section-full_width elementor-section-height-default elementor-section-height-default\" data-id=\"257a97f\" data-element_type=\"section\" data-e-type=\"section\" data-settings=\"{&quot;background_background&quot;:&quot;classic&quot;}\">\n\t\t\t\t\t\t<div class=\"elementor-container elementor-column-gap-no\">\n\t\t\t\t\t<div class=\"elementor-column elementor-col-100 elementor-inner-column elementor-element elementor-element-dc367c3\" data-id=\"dc367c3\" data-element_type=\"column\" data-e-type=\"column\">\n\t\t\t<div class=\"elementor-widget-wrap elementor-element-populated\">\n\t\t\t\t\t\t<div class=\"elementor-element elementor-element-a15ae6b elementor-widget-mobile__width-initial elementor-widget elementor-widget-text-editor\" data-id=\"a15ae6b\" data-element_type=\"widget\" data-e-type=\"widget\" data-widget_type=\"text-editor.default\">\n\t\t\t\t\t\t\t\t\t<h3 style=\"color: #242424; text-align: left;\"><strong>La importancia de cuidar tus cargas: confianza que viaja contigo\u00a0 <img decoding=\"async\" class=\"emoji\" role=\"img\" draggable=\"false\" src=\"https:\/\/s.w.org\/images\/core\/emoji\/16.0.1\/svg\/1f69b.svg\" alt=\"\ud83d\ude9b\" \/><img decoding=\"async\" class=\"emoji\" role=\"img\" draggable=\"false\" src=\"https:\/\/s.w.org\/images\/core\/emoji\/16.0.1\/svg\/1f6a2.svg\" alt=\"\ud83d\udea2\" \/><img decoding=\"async\" class=\"emoji\" role=\"img\" draggable=\"false\" src=\"https:\/\/s.w.org\/images\/core\/emoji\/16.0.1\/svg\/26a1.svg\" alt=\"\u26a1\" \/><\/strong><\/h3>\t\t\t\t\t\t\t\t<\/div>\n\t\t\t\t<div class=\"elementor-element elementor-element-4b9ca4b elementor-widget elementor-widget-text-editor\" data-id=\"4b9ca4b\" data-element_type=\"widget\" data-e-type=\"widget\" data-widget_type=\"text-editor.default\">\n\t\t\t\t\t\t\t\t\t<p data-start=\"477\" data-end=\"749\">Bienvenido al blog de <strong><span style=\"color: #ff0000;\"><a style=\"color: #ff0000;\" href=\"https:\/\/www.cargodepot.mx\/\">Cargo depot<\/a><\/span>. En este espacio encontrar\u00e1s informaci\u00f3n, consejos y buenas pr\u00e1cticas sobre log\u00edstica, seguridad y protecci\u00f3n de carga<\/strong>. Nuestro objetivo es ayudarte a conocer las mejores soluciones para mantener tus env\u00edos seguros, optimizar tus procesos y fortalecer la confianza en cada entrega.<\/p>\t\t\t\t\t\t\t\t<\/div>\n\t\t\t\t<div class=\"elementor-element elementor-element-af3de17 elementor-widget elementor-widget-text-editor\" data-id=\"af3de17\" data-element_type=\"widget\" data-e-type=\"widget\" data-widget_type=\"text-editor.default\">\n\t\t\t\t\t\t\t\t\t<p data-start=\"477\" data-end=\"749\">Cada env\u00edo cuenta una historia. Detr\u00e1s de cada carga hay tiempo, esfuerzo y compromiso que merecen llegar seguros a su destino. Cuidar tus cargas no se trata solo de mover productos, sino de proteger el valor que representan para tu negocio y para quienes conf\u00edan en ti.<\/p><p data-start=\"751\" data-end=\"1001\">Creemos que la seguridad y el manejo responsable de cada env\u00edo son la base de una log\u00edstica confiable. Un transporte bien cuidado <strong>evita p\u00e9rdidas<\/strong>, reduce retrasos y <strong>genera tranquilidad<\/strong> tanto para quien env\u00eda como para quien recibe.<\/p>\t\t\t\t\t\t\t\t<\/div>\n\t\t\t\t<div class=\"elementor-element elementor-element-fbd1557 elementor-widget elementor-widget-text-editor\" data-id=\"fbd1557\" data-element_type=\"widget\" data-e-type=\"widget\" data-widget_type=\"text-editor.default\">\n\t\t\t\t\t\t\t\t\t<p data-start=\"1003\" data-end=\"1194\">Cuando se cuida una carga, tambi\u00e9n se <strong>cuida una relaci\u00f3n comercial<\/strong>. La <strong>puntualidad, <\/strong>el<strong> orden y la atenci\u00f3n al detalle fortalecen la imagen de tu empresa<\/strong> y reflejan respeto por lo que haces.<\/p><p data-start=\"1196\" data-end=\"1306\">Porque, al final, <strong data-start=\"1213\" data-end=\"1257\">la confianza no se entrega, se construye<\/strong>. Y todo empieza por cuidar lo que transportas.<\/p>\t\t\t\t\t\t\t\t<\/div>\n\t\t\t\t\t<\/div>\n\t\t<\/div>\n\t\t\t\t\t<\/div>\n\t\t<\/section>\n\t\t\t\t\t<\/div>\n\t\t<\/div>\n\t\t\t\t\t<\/div>\n\t\t<\/section>\n\t\t\t\t<section class=\"elementor-section elementor-top-section elementor-element elementor-element-e2d823a elementor-section-full_width elementor-section-height-default elementor-section-height-default\" data-id=\"e2d823a\" data-element_type=\"section\" data-e-type=\"section\" data-settings=\"{&quot;background_background&quot;:&quot;classic&quot;}\">\n\t\t\t\t\t\t<div class=\"elementor-container elementor-column-gap-wide\">\n\t\t\t\t\t<div class=\"elementor-column elementor-col-100 elementor-top-column elementor-element elementor-element-39b1807\" data-id=\"39b1807\" data-element_type=\"column\" data-e-type=\"column\" data-settings=\"{&quot;background_background&quot;:&quot;classic&quot;}\">\n\t\t\t<div class=\"elementor-widget-wrap elementor-element-populated\">\n\t\t\t\t\t\t<div class=\"elementor-element elementor-element-7557bf5 elementor-widget elementor-widget-heading\" data-id=\"7557bf5\" data-element_type=\"widget\" data-e-type=\"widget\" data-widget_type=\"heading.default\">\n\t\t\t\t\t<h2 class=\"elementor-heading-title elementor-size-default\">Por qu\u00e9 proteger tus cargas<\/h2>\t\t\t\t<\/div>\n\t\t\t\t<section class=\"elementor-section elementor-top-section elementor-element elementor-element-780f5e6 elementor-section-boxed elementor-section-height-default elementor-section-height-default\" data-id=\"780f5e6\" data-element_type=\"section\" data-e-type=\"section\" data-settings=\"{&quot;background_background&quot;:&quot;classic&quot;}\">\n\t\t\t\t\t\t<div class=\"elementor-container elementor-column-gap-default\">\n\t\t\t\t\t<div class=\"elementor-column elementor-col-25 elementor-top-column elementor-element elementor-element-d97d1ba\" data-id=\"d97d1ba\" data-element_type=\"column\" data-e-type=\"column\">\n\t\t\t<div class=\"elementor-widget-wrap elementor-element-populated\">\n\t\t\t\t\t\t<div class=\"elementor-element elementor-element-e30a9e8 columna-hover elementor-view-default elementor-position-block-start elementor-mobile-position-block-start elementor-widget elementor-widget-icon-box\" data-id=\"e30a9e8\" data-element_type=\"widget\" data-e-type=\"widget\" data-widget_type=\"icon-box.default\">\n\t\t\t\t\t\t\t<div class=\"elementor-icon-box-wrapper\">\n\n\t\t\t\t\t\t<div class=\"elementor-icon-box-icon\">\n\t\t\t\t<span  class=\"elementor-icon\">\n\t\t\t\t<svg xmlns=\"http:\/\/www.w3.org\/2000\/svg\" id=\"Capa_1\" data-name=\"Capa 1\" viewBox=\"0 0 78.85 91.42\"><defs><style>      .cls-1 {        fill: none;        stroke: #fff;        stroke-miterlimit: 10;        stroke-width: 5px;      }    <\/style><\/defs><path class=\"cls-1\" d=\"M115.37,39.33S100.12,52.7,84.58,55.15a7,7,0,0,0-6,7.61c1.35,14.36,6.73,46.08,28.18,59.55a15.34,15.34,0,0,0,17.15-.44c10.66-7.57,28.22-25.35,28.48-60.4a7,7,0,0,0-5.58-6.91C138.71,52.91,123.5,48.71,115.37,39.33Z\" transform=\"translate(-76.07 -35.79)\"><\/path><\/svg>\t\t\t\t<\/span>\n\t\t\t<\/div>\n\t\t\t\n\t\t\t\t\t\t<div class=\"elementor-icon-box-content\">\n\n\t\t\t\t\t\t\t\t\t<h3 class=\"elementor-icon-box-title\">\n\t\t\t\t\t\t<span  >\n\t\t\t\t\t\t\tEvita p\u00e9rdidas\t\t\t\t\t\t<\/span>\n\t\t\t\t\t<\/h3>\n\t\t\t\t\n\t\t\t\t\t\t\t\t\t<p class=\"elementor-icon-box-description\">\n\t\t\t\t\t\tMant\u00e9n tu mercanc\u00eda segura durante todo el transporte.\t\t\t\t\t<\/p>\n\t\t\t\t\n\t\t\t<\/div>\n\t\t\t\n\t\t<\/div>\n\t\t\t\t\t\t<\/div>\n\t\t\t\t\t<\/div>\n\t\t<\/div>\n\t\t\t\t<div class=\"elementor-column elementor-col-25 elementor-top-column elementor-element elementor-element-c1bd77f\" data-id=\"c1bd77f\" data-element_type=\"column\" data-e-type=\"column\">\n\t\t\t<div class=\"elementor-widget-wrap elementor-element-populated\">\n\t\t\t\t\t\t<div class=\"elementor-element elementor-element-464874c columna-hover elementor-view-default elementor-position-block-start elementor-mobile-position-block-start elementor-widget elementor-widget-icon-box\" data-id=\"464874c\" data-element_type=\"widget\" data-e-type=\"widget\" data-widget_type=\"icon-box.default\">\n\t\t\t\t\t\t\t<div class=\"elementor-icon-box-wrapper\">\n\n\t\t\t\t\t\t<div class=\"elementor-icon-box-icon\">\n\t\t\t\t<span  class=\"elementor-icon\">\n\t\t\t\t<svg xmlns=\"http:\/\/www.w3.org\/2000\/svg\" id=\"Capa_1\" data-name=\"Capa 1\" viewBox=\"0 0 119.63 95.72\"><defs><style>      .cls-1, .cls-2, .cls-3 {        fill: none;        stroke: #fff;      }      .cls-1 {        stroke-linecap: round;        stroke-linejoin: round;      }      .cls-1, .cls-3 {        stroke-width: 5px;      }      .cls-2, .cls-3 {        stroke-miterlimit: 10;      }    <\/style><\/defs><g><path class=\"cls-1\" d=\"M153.74,71.89v46.38h35.94a2.58,2.58,0,0,1,2.59,2.58v11.43h2.55v14.33h-9.56\" transform=\"translate(-77.68 -68.64)\"><\/path><line class=\"cls-2\" x1=\"79.24\" y1=\"78.29\" x2=\"45.17\" y2=\"78.29\"><\/line><path class=\"cls-3\" d=\"M192.91,118\" transform=\"translate(-77.68 -68.64)\"><\/path><polyline class=\"cls-1\" points=\"18.64 78.92 6.64 78.92 2.5 72.87 2.5 2.5 76.21 2.5\"><\/polyline><line class=\"cls-1\" x1=\"78.82\" y1=\"76.55\" x2=\"47.01\" y2=\"76.55\"><\/line><circle class=\"cls-1\" cx=\"32.9\" cy=\"79.5\" r=\"13.73\"><\/circle><circle class=\"cls-1\" cx=\"93.1\" cy=\"78.93\" r=\"13.73\"><\/circle><polyline class=\"cls-1\" points=\"76.08 22.03 90.25 22.03 111.83 42.55 111.83 49.63\"><\/polyline><\/g><\/svg>\t\t\t\t<\/span>\n\t\t\t<\/div>\n\t\t\t\n\t\t\t\t\t\t<div class=\"elementor-icon-box-content\">\n\n\t\t\t\t\t\t\t\t\t<h3 class=\"elementor-icon-box-title\">\n\t\t\t\t\t\t<span  >\n\t\t\t\t\t\t\tOptimiza entregas\t\t\t\t\t\t<\/span>\n\t\t\t\t\t<\/h3>\n\t\t\t\t\n\t\t\t\t\t\t\t\t\t<p class=\"elementor-icon-box-description\">\n\t\t\t\t\t\tAsegura env\u00edos puntuales y en perfectas condiciones.\t\t\t\t\t<\/p>\n\t\t\t\t\n\t\t\t<\/div>\n\t\t\t\n\t\t<\/div>\n\t\t\t\t\t\t<\/div>\n\t\t\t\t\t<\/div>\n\t\t<\/div>\n\t\t\t\t<div class=\"elementor-column elementor-col-25 elementor-top-column elementor-element elementor-element-8e44581\" data-id=\"8e44581\" data-element_type=\"column\" data-e-type=\"column\">\n\t\t\t<div class=\"elementor-widget-wrap elementor-element-populated\">\n\t\t\t\t\t\t<div class=\"elementor-element elementor-element-d83f682 columna-hover elementor-view-default elementor-position-block-start elementor-mobile-position-block-start elementor-widget elementor-widget-icon-box\" data-id=\"d83f682\" data-element_type=\"widget\" data-e-type=\"widget\" data-widget_type=\"icon-box.default\">\n\t\t\t\t\t\t\t<div class=\"elementor-icon-box-wrapper\">\n\n\t\t\t\t\t\t<div class=\"elementor-icon-box-icon\">\n\t\t\t\t<span  class=\"elementor-icon\">\n\t\t\t\t<svg xmlns=\"http:\/\/www.w3.org\/2000\/svg\" id=\"Capa_1\" data-name=\"Capa 1\" viewBox=\"0 0 104.06 93.65\"><defs><style>      .cls-1 {        fill: none;        stroke: #fdfdfd;        stroke-miterlimit: 10;        stroke-width: 5px;      }    <\/style><\/defs><g><path class=\"cls-1\" d=\"M73,137.22V198a3.42,3.42,0,0,0,3.43,3.42h92.21A3.42,3.42,0,0,0,172.1,198V135.81a3.42,3.42,0,0,0-3.42-3.42H150.54a3.44,3.44,0,0,1-3.43-3.43V116.18a3.43,3.43,0,0,0-3.42-3.43H99.32a3.42,3.42,0,0,0-3.42,3.38l-.22,14.28a3.43,3.43,0,0,1-3.43,3.38H76.47A3.42,3.42,0,0,0,73,137.22Z\" transform=\"translate(-70.54 -110.25)\"><\/path><path class=\"cls-1\" d=\"M38.15,14.82H66.85a.61.61,0,0,1,.61.61v9.32a.61.61,0,0,1-.61.61H38.15a.47.47,0,0,1-.47-.47V15.28a.47.47,0,0,1,.47-.47Z\"><\/path><path class=\"cls-1\" d=\"M72.08,166.56h35.45a1.49,1.49,0,0,1,1.49,1.49v11a1.49,1.49,0,0,0,1.48,1.49h24.86a1.49,1.49,0,0,0,1.49-1.49V168.4a1.49,1.49,0,0,1,1.49-1.49h33\" transform=\"translate(-70.54 -110.25)\"><\/path><line class=\"cls-1\" x1=\"1.89\" y1=\"46.68\" x2=\"101.5\" y2=\"46.68\"><\/line><\/g><\/svg>\t\t\t\t<\/span>\n\t\t\t<\/div>\n\t\t\t\n\t\t\t\t\t\t<div class=\"elementor-icon-box-content\">\n\n\t\t\t\t\t\t\t\t\t<h3 class=\"elementor-icon-box-title\">\n\t\t\t\t\t\t<span  >\n\t\t\t\t\t\t\tConfianza total\t\t\t\t\t\t<\/span>\n\t\t\t\t\t<\/h3>\n\t\t\t\t\n\t\t\t\t\t\t\t\t\t<p class=\"elementor-icon-box-description\">\n\t\t\t\t\t\tControl en cada env\u00edo\t\t\t\t\t<\/p>\n\t\t\t\t\n\t\t\t<\/div>\n\t\t\t\n\t\t<\/div>\n\t\t\t\t\t\t<\/div>\n\t\t\t\t\t<\/div>\n\t\t<\/div>\n\t\t\t\t<div class=\"elementor-column elementor-col-25 elementor-top-column elementor-element elementor-element-5442c00\" data-id=\"5442c00\" data-element_type=\"column\" data-e-type=\"column\">\n\t\t\t<div class=\"elementor-widget-wrap elementor-element-populated\">\n\t\t\t\t\t\t<div class=\"elementor-element elementor-element-84560e1 columna-hover elementor-view-default elementor-position-block-start elementor-mobile-position-block-start elementor-widget elementor-widget-icon-box\" data-id=\"84560e1\" data-element_type=\"widget\" data-e-type=\"widget\" data-widget_type=\"icon-box.default\">\n\t\t\t\t\t\t\t<div class=\"elementor-icon-box-wrapper\">\n\n\t\t\t\t\t\t<div class=\"elementor-icon-box-icon\">\n\t\t\t\t<span  class=\"elementor-icon\">\n\t\t\t\t<svg xmlns=\"http:\/\/www.w3.org\/2000\/svg\" id=\"Capa_1\" data-name=\"Capa 1\" viewBox=\"0 0 97.05 98.84\"><defs><style>      .cls-1, .cls-2 {        fill: none;        stroke: #fff;        stroke-width: 5px;      }      .cls-1 {        stroke-miterlimit: 10;      }      .cls-2 {        stroke-linecap: round;        stroke-linejoin: round;        opacity: 0.98;      }    <\/style><\/defs><g><ellipse class=\"cls-1\" cx=\"48.52\" cy=\"49.42\" rx=\"46.02\" ry=\"46.92\"><\/ellipse><line class=\"cls-2\" x1=\"47.72\" y1=\"19.39\" x2=\"47.72\" y2=\"53.25\"><\/line><line class=\"cls-2\" x1=\"47.6\" y1=\"53.26\" x2=\"62.52\" y2=\"65.97\"><\/line><\/g><\/svg>\t\t\t\t<\/span>\n\t\t\t<\/div>\n\t\t\t\n\t\t\t\t\t\t<div class=\"elementor-icon-box-content\">\n\n\t\t\t\t\t\t\t\t\t<h3 class=\"elementor-icon-box-title\">\n\t\t\t\t\t\t<span  >\n\t\t\t\t\t\t\tReduce tiempo y costos\t\t\t\t\t\t<\/span>\n\t\t\t\t\t<\/h3>\n\t\t\t\t\n\t\t\t\t\t\t\t\t\t<p class=\"elementor-icon-box-description\">\n\t\t\t\t\t\tSimplifica tu log\u00edstica con soluciones eficientes.\t\t\t\t\t<\/p>\n\t\t\t\t\n\t\t\t<\/div>\n\t\t\t\n\t\t<\/div>\n\t\t\t\t\t\t<\/div>\n\t\t\t\t\t<\/div>\n\t\t<\/div>\n\t\t\t\t\t<\/div>\n\t\t<\/section>\n\t\t\t\t\t<\/div>\n\t\t<\/div>\n\t\t\t\t\t<\/div>\n\t\t<\/section>\n\t\t\t\t<section class=\"elementor-section elementor-top-section elementor-element elementor-element-cb9e85b elementor-section-full_width elementor-section-height-default elementor-section-height-default\" data-id=\"cb9e85b\" data-element_type=\"section\" data-e-type=\"section\" data-settings=\"{&quot;background_background&quot;:&quot;classic&quot;}\">\n\t\t\t\t\t\t<div class=\"elementor-container elementor-column-gap-wider\">\n\t\t\t\t\t<div class=\"elementor-column elementor-col-100 elementor-top-column elementor-element elementor-element-03c2f2e\" data-id=\"03c2f2e\" data-element_type=\"column\" data-e-type=\"column\">\n\t\t\t<div class=\"elementor-widget-wrap elementor-element-populated\">\n\t\t\t\t\t\t<section class=\"elementor-section elementor-inner-section elementor-element elementor-element-df7c099 elementor-section-full_width elementor-section-height-default elementor-section-height-default\" data-id=\"df7c099\" data-element_type=\"section\" data-e-type=\"section\" data-settings=\"{&quot;background_background&quot;:&quot;classic&quot;}\">\n\t\t\t\t\t\t<div class=\"elementor-container elementor-column-gap-no\">\n\t\t\t\t\t<div class=\"elementor-column elementor-col-100 elementor-inner-column elementor-element elementor-element-05080ef\" data-id=\"05080ef\" data-element_type=\"column\" data-e-type=\"column\">\n\t\t\t<div class=\"elementor-widget-wrap elementor-element-populated\">\n\t\t\t\t\t\t<div class=\"elementor-element elementor-element-607dfb7 elementor-widget elementor-widget-text-editor\" data-id=\"607dfb7\" data-element_type=\"widget\" data-e-type=\"widget\" data-widget_type=\"text-editor.default\">\n\t\t\t\t\t\t\t\t\t<h3 style=\"color: #242424;\">Protege lo que transportas, asegura lo que construyes.<\/h3>\t\t\t\t\t\t\t\t<\/div>\n\t\t\t\t<div class=\"elementor-element elementor-element-2a60649 elementor-widget elementor-widget-text-editor\" data-id=\"2a60649\" data-element_type=\"widget\" data-e-type=\"widget\" data-widget_type=\"text-editor.default\">\n\t\t\t\t\t\t\t\t\t<p>Si a\u00fan no conoces los\u00a0 productos que te ayudan a proteger tus cargas, da click en <span style=\"color: #00ccff;\"><a style=\"color: #00ccff;\" href=\"https:\/\/www.cargodepot.mx\/blog\/consejos\/\"><strong>consejos<\/strong><\/a><\/span> y descubre c\u00f3mo prevenir\u00a0 da\u00f1os en tu mercanc\u00eda.<\/p>\t\t\t\t\t\t\t\t<\/div>\n\t\t\t\t<div class=\"elementor-element elementor-element-f363bf7 elementor-widget elementor-widget-text-editor\" data-id=\"f363bf7\" data-element_type=\"widget\" data-e-type=\"widget\" data-widget_type=\"text-editor.default\">\n\t\t\t\t\t\t\t\t\t<p>La seguridad de tu carga empieza con los productos adecuados. Herramientas esenciales como <strong>sellos de seguridad<\/strong> (tipo cable,\u00a0 botella, pl\u00e1sticos, met\u00e1licos, etc), <strong>absorbentes de humedad<\/strong> (s\u00edlica gel, desecantes para contenedores y empaques, de uso alimenticio, etc), <strong>absorbentes de etileno<\/strong>, <strong>bolsas para estiba<\/strong> y <strong>term\u00f3grafos<\/strong> o registradores de temperatura para monitorear tu mercanc\u00eda, entre otros.<\/p>\t\t\t\t\t\t\t\t<\/div>\n\t\t<div class=\"elementor-element elementor-element-116eda0 e-grid e-con-boxed e-con e-parent\" data-id=\"116eda0\" data-element_type=\"container\" data-e-type=\"container\">\n\t\t\t\t\t<div class=\"e-con-inner\">\n\t\t\t\t<div class=\"elementor-element elementor-element-dd9987c columna-hover elementor-widget elementor-widget-image\" data-id=\"dd9987c\" data-element_type=\"widget\" data-e-type=\"widget\" data-widget_type=\"image.default\">\n\t\t\t\t\t\t\t\t\t\t\t\t\t\t\t\t<a href=\"https:\/\/www.cargodepot.mx\/blog\/2025\/10\/16\/precintos\/\">\n\t\t\t\t\t\t\t<img decoding=\"async\" src=\"\/blog\/wp-content\/uploads\/sello-de-cable.png\" title=\"\" alt=\"Sello de Cable Cargo Depot - Productos de protecci\u00f3n para embalajes\" loading=\"lazy\" \/>\t\t\t\t\t\t\t\t<\/a>\n\t\t\t\t\t\t\t\t\t\t\t\t\t\t\t<\/div>\n\t\t\t\t<div class=\"elementor-element elementor-element-f979b3e columna-hover elementor-widget elementor-widget-image\" data-id=\"f979b3e\" data-element_type=\"widget\" data-e-type=\"widget\" data-widget_type=\"image.default\">\n\t\t\t\t\t\t\t\t\t\t\t\t\t\t\t\t<a href=\"https:\/\/www.cargodepot.mx\/blog\/2025\/11\/04\/silica-gel\/\">\n\t\t\t\t\t\t\t<img decoding=\"async\" src=\"\/blog\/wp-content\/uploads\/silica-gel.png\" title=\"\" alt=\"S\u00edlica Gel - Productos de protecci\u00f3n para embalajes\" loading=\"lazy\" \/>\t\t\t\t\t\t\t\t<\/a>\n\t\t\t\t\t\t\t\t\t\t\t\t\t\t\t<\/div>\n\t\t\t\t<div class=\"elementor-element elementor-element-43506a6 columna-hover elementor-widget elementor-widget-image\" data-id=\"43506a6\" data-element_type=\"widget\" data-e-type=\"widget\" data-widget_type=\"image.default\">\n\t\t\t\t\t\t\t\t\t\t\t\t\t\t\t\t<a href=\"https:\/\/www.cargodepot.mx\/blog\/2025\/10\/15\/etileno\/\">\n\t\t\t\t\t\t\t<img decoding=\"async\" src=\"\/blog\/wp-content\/uploads\/absorbentes-de-etileno.png\" title=\"\" alt=\"Sobres absorbentes de etileno - Productos de Protecci\u00f3n\" loading=\"lazy\" \/>\t\t\t\t\t\t\t\t<\/a>\n\t\t\t\t\t\t\t\t\t\t\t\t\t\t\t<\/div>\n\t\t\t\t\t<\/div>\n\t\t\t\t<\/div>\n\t\t\t\t<div class=\"elementor-element elementor-element-a846b2e elementor-widget__width-initial elementor-widget elementor-widget-text-editor\" data-id=\"a846b2e\" data-element_type=\"widget\" data-e-type=\"widget\" data-widget_type=\"text-editor.default\">\n\t\t\t\t\t\t\t\t\t<p>En <a href=\"https:\/\/www.cargodepot.mx\/\"><span style=\"color: #ff0000;\"><strong data-start=\"603\" data-end=\"618\">Cargo Depot<\/strong><\/span><\/a>, ofrecemos soluciones dise\u00f1adas para brindar <strong data-start=\"664\" data-end=\"698\">seguridad, firmeza y confianza<\/strong> en cada etapa del transporte. Porque cuidar tu carga no solo evita p\u00e9rdidas: Tambi\u00e9n\u00a0<strong data-start=\"776\" data-end=\"862\">fortalece la reputaci\u00f3n de tu negocio y garantiza la satisfacci\u00f3n de tus clientes.<\/strong><\/p>\t\t\t\t\t\t\t\t<\/div>\n\t\t\t\t\t<\/div>\n\t\t<\/div>\n\t\t\t\t\t<\/div>\n\t\t<\/section>\n\t\t\t\t\t<\/div>\n\t\t<\/div>\n\t\t\t\t\t<\/div>\n\t\t<\/section>\n\t\t\t\t<\/div>\n\t\t","protected":false},"excerpt":{"rendered":"<p>Consejos profesionales para proteger tu mercanc\u00eda, optimizar log\u00edstica y evitar da\u00f1os en transporte y almacenamiento. Gu\u00edas paso a paso y soluciones pr\u00e1cticas.<\/p>\n","protected":false},"author":2,"featured_media":0,"parent":0,"menu_order":0,"comment_status":"open","ping_status":"closed","template":"elementor_theme","meta":{"rs_blank_template":"","rs_page_bg_color":"","slide_template_v7":"","footnotes":""},"class_list":["post-11","page","type-page","status-publish","hentry"],"aioseo_notices":[],"_links":{"self":[{"href":"https:\/\/www.cargodepot.mx\/blog\/wp-json\/wp\/v2\/pages\/11","targetHints":{"allow":["GET"]}}],"collection":[{"href":"https:\/\/www.cargodepot.mx\/blog\/wp-json\/wp\/v2\/pages"}],"about":[{"href":"https:\/\/www.cargodepot.mx\/blog\/wp-json\/wp\/v2\/types\/page"}],"author":[{"embeddable":true,"href":"https:\/\/www.cargodepot.mx\/blog\/wp-json\/wp\/v2\/users\/2"}],"replies":[{"embeddable":true,"href":"https:\/\/www.cargodepot.mx\/blog\/wp-json\/wp\/v2\/comments?post=11"}],"version-history":[{"count":278,"href":"https:\/\/www.cargodepot.mx\/blog\/wp-json\/wp\/v2\/pages\/11\/revisions"}],"predecessor-version":[{"id":3121,"href":"https:\/\/www.cargodepot.mx\/blog\/wp-json\/wp\/v2\/pages\/11\/revisions\/3121"}],"wp:attachment":[{"href":"https:\/\/www.cargodepot.mx\/blog\/wp-json\/wp\/v2\/media?parent=11"}],"curies":[{"name":"wp","href":"https:\/\/api.w.org\/{rel}","templated":true}]}}