{"id":116,"date":"2025-01-24T09:55:35","date_gmt":"2025-01-24T15:55:35","guid":{"rendered":"https:\/\/xstore.8theme.com\/elementor3\/electronic-mega-market\/?page_id=25"},"modified":"2025-03-25T12:59:30","modified_gmt":"2025-03-25T18:59:30","slug":"politica-de-devoluciones-y-reembolsos","status":"publish","type":"page","link":"https:\/\/www.cargodepot.mx\/tienda\/politica-de-devoluciones-y-reembolsos\/","title":{"rendered":"Pol\u00edtica de devoluciones y reembolsos"},"content":{"rendered":"\t\t<div data-elementor-type=\"wp-page\" data-elementor-id=\"116\" class=\"elementor elementor-116\" data-elementor-post-type=\"page\">\n\t\t\t\t<div class=\"elementor-element elementor-element-24efad5f e-con-full e-flex e-con e-parent\" data-id=\"24efad5f\" data-element_type=\"container\">\n\t\t\t\t<div class=\"elementor-element elementor-element-6a56d73e elementor-widget__width-initial elementor-widget elementor-widget-text-editor\" data-id=\"6a56d73e\" data-element_type=\"widget\" data-widget_type=\"text-editor.default\">\n\t\t\t\t\t\t\t\t\t<div align=\"center\">\n<h1><strong>Pol\u00edtica de Devoluciones y Reembolsos de <br>Cargo Depot<\/strong><\/h1>\n<\/div>\n<p align=\"center\">En <strong>Cargo Depot<\/strong>, trabajamos para garantizar la satisfacci\u00f3n de nuestros clientes con productos de alta calidad. Si necesitas realizar una devoluci\u00f3n o solicitar un reembolso, hemos establecido una pol\u00edtica clara y sencilla para ayudarte.<\/p>\n\n<h2><strong>Condiciones Generales para Devoluciones<\/strong><\/h2>\n<h3><strong>1. Plazo para Solicitar una Devoluci\u00f3n<\/strong><\/h3>\n<p align=\"left\">Las devoluciones deben solicitarse dentro de los <strong>30 d\u00edas naturales<\/strong> posteriores a la recepci\u00f3n del pedido.\nPasado este periodo, no podremos aceptar devoluciones.<\/p>\n\n<h3><strong>2. Estado del Producto<\/strong><\/h3>\n<p align=\"left\"><span style=\"font-family: var( --e-global-typography-text-font-family ), Sans-serif; font-size: var(--p-font-size,1.14rem); font-weight: var( --e-global-typography-text-font-weight ); background-color: var(--et_container-bg-color,transparent);\">\u27a4<\/span><span style=\"font-family: var( --e-global-typography-text-font-family ), Sans-serif; font-size: var(--p-font-size,1.14rem); font-weight: var( --e-global-typography-text-font-weight ); background-color: var(--et_container-bg-color,transparent);\">\u00a0<\/span>El producto debe estar sin usar, en perfecto estado y en su <strong>empaque original<\/strong>.\n\u27a4\u00a0No se aceptar\u00e1n devoluciones de productos que presenten signos de uso o manipulaci\u00f3n indebida.<\/p>\n\n<h3 align=\"left\"><strong>3. Productos No Elegibles para Devoluci\u00f3n<\/strong><\/h3>\n<p align=\"left\">\u27a4 Art\u00edculos en promoci\u00f3n o con descuento.\n\u27a4 Productos personalizados o fabricados a medida.\n\u27a4 Productos que hayan sido usados o expuestos al medio ambiente como bolsitas de silica gel, absorbentes de etileno, absorbentes de ox\u00edgeno, o cualquier derivado de estas familias de productos.\n\u27a4 Productos que hayan sido manipulados de forma indebida.<\/p>\t\t\t\t\t\t\t\t<\/div>\n\t\t\t\t<\/div>\n\t\t<div class=\"elementor-element elementor-element-603db6b e-grid e-con-boxed e-con e-parent\" data-id=\"603db6b\" data-element_type=\"container\">\n\t\t\t\t\t<div class=\"e-con-inner\">\n\t\t\t\t<div class=\"elementor-element elementor-element-fe55903 elementor-widget-divider--view-line elementor-widget elementor-widget-divider\" data-id=\"fe55903\" data-element_type=\"widget\" data-widget_type=\"divider.default\">\n\t\t\t\t\t\t\t<div class=\"elementor-divider\">\n\t\t\t<span class=\"elementor-divider-separator\">\n\t\t\t\t\t\t<\/span>\n\t\t<\/div>\n\t\t\t\t\t\t<\/div>\n\t\t\t\t\t<\/div>\n\t\t\t\t<\/div>\n\t\t<div class=\"elementor-element elementor-element-c5eae3d e-con-full e-flex e-con e-parent\" data-id=\"c5eae3d\" data-element_type=\"container\">\n\t\t\t\t<div class=\"elementor-element elementor-element-9b9b54a elementor-widget__width-initial elementor-widget elementor-widget-text-editor\" data-id=\"9b9b54a\" data-element_type=\"widget\" data-widget_type=\"text-editor.default\">\n\t\t\t\t\t\t\t\t\t<h2><strong>Proceso de Devoluci\u00f3n<\/strong><\/h2><h3><strong>1. Iniciar la Solicitud<\/strong><\/h3><p align=\"left\">Env\u00eda un correo electr\u00f3nico a <strong>tienda@www.cargodepot.mx<\/strong><\/p><p align=\"left\"><span style=\"font-family: var( --e-global-typography-text-font-family ), Sans-serif; font-size: var(--p-font-size,1.14rem); font-weight: var( --e-global-typography-text-font-weight ); background-color: var(--et_container-bg-color,transparent);\">\u27a4<\/span><span style=\"font-family: var( --e-global-typography-text-font-family ), Sans-serif; font-size: var(--p-font-size,1.14rem); font-weight: var( --e-global-typography-text-font-weight ); background-color: var(--et_container-bg-color,transparent);\"> N\u00famero de pedido<\/span><br \/>\u27a4<span style=\"font-family: var( --e-global-typography-text-font-family ), Sans-serif; font-size: var(--p-font-size,1.14rem); font-weight: var( --e-global-typography-text-font-weight ); background-color: var(--et_container-bg-color,transparent);\"> Nombre del producto<\/span><br \/>\u27a4<span style=\"font-family: var( --e-global-typography-text-font-family ), Sans-serif; font-size: var(--p-font-size,1.14rem); font-weight: var( --e-global-typography-text-font-weight ); background-color: var(--et_container-bg-color,transparent);\"> Motivo de devoluci\u00f3n<\/span><br \/>\u27a4<span style=\"font-family: var( --e-global-typography-text-font-family ), Sans-serif; font-size: var(--p-font-size,1.14rem); font-weight: var( --e-global-typography-text-font-weight ); background-color: var(--et_container-bg-color,transparent);\"> Fotograf\u00edas del producto (en caso de defectos o da\u00f1os).<\/span><\/p><h3><strong>2. Revisi\u00f3n y Aprobaci\u00f3n<\/strong><\/h3><p align=\"left\"><span style=\"font-family: var( --e-global-typography-text-font-family ), Sans-serif; font-size: var(--p-font-size,1.14rem); font-weight: var( --e-global-typography-text-font-weight ); background-color: var(--et_container-bg-color,transparent);\">\u00a0<\/span>Una vez recibida tu solicitud, nuestro equipo la revisar\u00e1 y te notificar\u00e1 la aprobaci\u00f3n o rechazo en un plazo de 3 d\u00edas h\u00e1biles.<\/p><h3 align=\"left\"><strong>3. Env\u00edo del Producto.<\/strong><\/h3><p align=\"left\">Si la devoluci\u00f3n es aprobada, recibir\u00e1s las instrucciones para enviar el producto a nuestra direcci\u00f3n.<br \/>Los costos de env\u00edo correr\u00e1n a cargo del cliente, excepto en casos de productos defectuosos o errores en el surtido de los productos.<\/p>\t\t\t\t\t\t\t\t<\/div>\n\t\t\t\t<\/div>\n\t\t<div class=\"elementor-element elementor-element-d3aec50 e-grid e-con-boxed e-con e-parent\" data-id=\"d3aec50\" data-element_type=\"container\">\n\t\t\t\t\t<div class=\"e-con-inner\">\n\t\t\t\t<div class=\"elementor-element elementor-element-4164882 elementor-widget-divider--view-line elementor-widget elementor-widget-divider\" data-id=\"4164882\" data-element_type=\"widget\" data-widget_type=\"divider.default\">\n\t\t\t\t\t\t\t<div class=\"elementor-divider\">\n\t\t\t<span class=\"elementor-divider-separator\">\n\t\t\t\t\t\t<\/span>\n\t\t<\/div>\n\t\t\t\t\t\t<\/div>\n\t\t\t\t\t<\/div>\n\t\t\t\t<\/div>\n\t\t<div class=\"elementor-element elementor-element-9cd4357 e-con-full e-flex e-con e-parent\" data-id=\"9cd4357\" data-element_type=\"container\">\n\t\t\t\t<div class=\"elementor-element elementor-element-3d255cc elementor-widget__width-initial elementor-widget elementor-widget-text-editor\" data-id=\"3d255cc\" data-element_type=\"widget\" data-widget_type=\"text-editor.default\">\n\t\t\t\t\t\t\t\t\t<h3><strong>Reembolsos<\/strong><\/h3><h4><strong>1. Condiciones del Reembolso<\/strong><\/h4><p><span style=\"font-family: var( --e-global-typography-text-font-family ), Sans-serif; font-size: var(--p-font-size,1.14rem); font-weight: var( --e-global-typography-text-font-weight ); background-color: var(--et_container-bg-color,transparent);\">\u27a4<\/span> Los reembolsos se procesar\u00e1n una vez que el producto sea recibido e inspeccionado por nuestro equipo.<br \/><span style=\"font-family: var( --e-global-typography-text-font-family ), Sans-serif; font-size: var(--p-font-size,1.14rem); font-weight: var( --e-global-typography-text-font-weight ); background-color: var(--et_container-bg-color,transparent);\">\u27a4<\/span> El producto debe cumplir con las condiciones mencionadas anteriormente.<\/p><h4><strong>2. M\u00e9todo y Tiempo de Reembolso<\/strong><\/h4><p><span style=\"font-family: var( --e-global-typography-text-font-family ), Sans-serif; font-size: var(--p-font-size,1.14rem); font-weight: var( --e-global-typography-text-font-weight ); background-color: var(--et_container-bg-color,transparent);\">\u27a4<\/span> Los reembolsos se realizar\u00e1n utilizando el mismo m\u00e9todo de pago que se us\u00f3 en la compra.<br \/><span style=\"font-family: var( --e-global-typography-text-font-family ), Sans-serif; font-size: var(--p-font-size,1.14rem); font-weight: var( --e-global-typography-text-font-weight ); background-color: var(--et_container-bg-color,transparent);\">\u27a4<\/span> Puede tomar entre\u00a0<strong>5 y 10 d\u00edas h\u00e1biles<\/strong>\u00a0para que el monto sea reflejado en tu cuenta, dependiendo de tu instituci\u00f3n financiera.<\/p><h4><strong>3. Monto del Reembolso<\/strong><\/h4><p><span style=\"font-family: var( --e-global-typography-text-font-family ), Sans-serif; font-size: var(--p-font-size,1.14rem); font-weight: var( --e-global-typography-text-font-weight ); background-color: var(--et_container-bg-color,transparent);\">\u27a4<\/span> Se reembolsar\u00e1 el precio del producto, excluyendo los costos de env\u00edo iniciales, salvo en caso de productos defectuosos o errores de env\u00edo.<\/p>\t\t\t\t\t\t\t\t<\/div>\n\t\t\t\t<\/div>\n\t\t<div class=\"elementor-element elementor-element-bef1d58 e-grid e-con-boxed e-con e-parent\" data-id=\"bef1d58\" data-element_type=\"container\">\n\t\t\t\t\t<div class=\"e-con-inner\">\n\t\t\t\t<div class=\"elementor-element elementor-element-daef3ba elementor-widget-divider--view-line elementor-widget elementor-widget-divider\" data-id=\"daef3ba\" data-element_type=\"widget\" data-widget_type=\"divider.default\">\n\t\t\t\t\t\t\t<div class=\"elementor-divider\">\n\t\t\t<span class=\"elementor-divider-separator\">\n\t\t\t\t\t\t<\/span>\n\t\t<\/div>\n\t\t\t\t\t\t<\/div>\n\t\t\t\t\t<\/div>\n\t\t\t\t<\/div>\n\t\t<div class=\"elementor-element elementor-element-2151b3a e-grid e-con-full e-con e-parent\" data-id=\"2151b3a\" data-element_type=\"container\">\n\t\t\t\t<div class=\"elementor-element elementor-element-e8c300a elementor-widget__width-initial elementor-widget elementor-widget-text-editor\" data-id=\"e8c300a\" data-element_type=\"widget\" data-widget_type=\"text-editor.default\">\n\t\t\t\t\t\t\t\t\t<h3><strong>Productos Defectuosos o Errores en el Surtido de Productos<\/strong><\/h3><p>Si recibiste un producto defectuoso o incorrecto, cont\u00e1ctanos de inmediato en <strong>tienda@cargodepot.mx<\/strong>. En estos casos, cubriremos los costos de devoluci\u00f3n y reemplazo sin cargo adicional.<\/p>\t\t\t\t\t\t\t\t<\/div>\n\t\t\t\t<\/div>\n\t\t<div class=\"elementor-element elementor-element-a770eca e-grid e-con-boxed e-con e-parent\" data-id=\"a770eca\" data-element_type=\"container\">\n\t\t\t\t\t<div class=\"e-con-inner\">\n\t\t\t\t<div class=\"elementor-element elementor-element-d95ba8a elementor-widget-divider--view-line elementor-widget elementor-widget-divider\" data-id=\"d95ba8a\" data-element_type=\"widget\" data-widget_type=\"divider.default\">\n\t\t\t\t\t\t\t<div class=\"elementor-divider\">\n\t\t\t<span class=\"elementor-divider-separator\">\n\t\t\t\t\t\t<\/span>\n\t\t<\/div>\n\t\t\t\t\t\t<\/div>\n\t\t\t\t\t<\/div>\n\t\t\t\t<\/div>\n\t\t<div class=\"elementor-element elementor-element-d8e79d6 e-grid e-con-full e-con e-parent\" data-id=\"d8e79d6\" data-element_type=\"container\">\n\t\t\t\t<div class=\"elementor-element elementor-element-fa981aa elementor-widget__width-initial elementor-widget elementor-widget-text-editor\" data-id=\"fa981aa\" data-element_type=\"widget\" data-widget_type=\"text-editor.default\">\n\t\t\t\t\t\t\t\t\t<h4><strong>Contacto<\/strong><\/h4><p>Para cualquier duda o asistencia, nuestro equipo de atenci\u00f3n al cliente est\u00e1 disponible para ayudarte:<\/p><p><strong>\ud83d\udce7\u00a0Correo:<\/strong> tienda@www.cargodepot.mx<\/p><p><strong>\ud83d\udcdeTel\u00e9fono:<\/strong> (833) 108-76-88<\/p><p><strong>\ud83d\udd58 Horario de atenci\u00f3n:<\/strong> Lunes a viernes, de 9:00 a.m. a 6:00 p.m. S\u00e1bados de 9:00 a.m. a 01:00 p.m.<\/p><h4>\u00a0<\/h4>\t\t\t\t\t\t\t\t<\/div>\n\t\t\t\t<\/div>\n\t\t<div class=\"elementor-element elementor-element-4869055 e-grid e-con-full e-con e-parent\" data-id=\"4869055\" data-element_type=\"container\">\n\t\t\t\t<div class=\"elementor-element elementor-element-bc62a3a elementor-widget__width-initial elementor-widget elementor-widget-text-editor\" data-id=\"bc62a3a\" data-element_type=\"widget\" data-widget_type=\"text-editor.default\">\n\t\t\t\t\t\t\t\t\t<strong><h4 align=\"center\"><strong>En Cargo Depot, tu satisfacci\u00f3n es nuestra prioridad.<br> \u00a1Gracias por confiar en nosotros!<\/strong><\/h4><\/strong>\t\t\t\t\t\t\t\t<\/div>\n\t\t\t\t<\/div>\n\t\t<div class=\"elementor-element elementor-element-6fb1fb6 e-grid e-con-boxed e-con e-parent\" data-id=\"6fb1fb6\" data-element_type=\"container\">\n\t\t\t\t\t<div class=\"e-con-inner\">\n\t\t\t\t<div class=\"elementor-element elementor-element-381f36a elementor-widget-divider--view-line elementor-widget elementor-widget-divider\" data-id=\"381f36a\" data-element_type=\"widget\" data-widget_type=\"divider.default\">\n\t\t\t\t\t\t\t<div class=\"elementor-divider\">\n\t\t\t<span class=\"elementor-divider-separator\">\n\t\t\t\t\t\t<\/span>\n\t\t<\/div>\n\t\t\t\t\t\t<\/div>\n\t\t\t\t\t<\/div>\n\t\t\t\t<\/div>\n\t\t\t\t<\/div>\n\t\t","protected":false},"excerpt":{"rendered":"<p>Pol\u00edtica de Devoluciones y Reembolsos de Cargo Depot En Cargo Depot, trabajamos para garantizar la satisfacci\u00f3n de nuestros clientes con productos de alta calidad. Si&#8230;<\/p>\n","protected":false},"author":3,"featured_media":0,"parent":0,"menu_order":0,"comment_status":"closed","ping_status":"closed","template":"elementor_header_footer","meta":{"footnotes":""},"class_list":["post-116","page","type-page","status-publish","hentry"],"aioseo_notices":[],"_links":{"self":[{"href":"https:\/\/www.cargodepot.mx\/tienda\/wp-json\/wp\/v2\/pages\/116","targetHints":{"allow":["GET"]}}],"collection":[{"href":"https:\/\/www.cargodepot.mx\/tienda\/wp-json\/wp\/v2\/pages"}],"about":[{"href":"https:\/\/www.cargodepot.mx\/tienda\/wp-json\/wp\/v2\/types\/page"}],"author":[{"embeddable":true,"href":"https:\/\/www.cargodepot.mx\/tienda\/wp-json\/wp\/v2\/users\/3"}],"replies":[{"embeddable":true,"href":"https:\/\/www.cargodepot.mx\/tienda\/wp-json\/wp\/v2\/comments?post=116"}],"version-history":[{"count":86,"href":"https:\/\/www.cargodepot.mx\/tienda\/wp-json\/wp\/v2\/pages\/116\/revisions"}],"predecessor-version":[{"id":6947,"href":"https:\/\/www.cargodepot.mx\/tienda\/wp-json\/wp\/v2\/pages\/116\/revisions\/6947"}],"wp:attachment":[{"href":"https:\/\/www.cargodepot.mx\/tienda\/wp-json\/wp\/v2\/media?parent=116"}],"curies":[{"name":"wp","href":"https:\/\/api.w.org\/{rel}","templated":true}]}}