{"id":4865,"date":"2024-08-08T12:26:52","date_gmt":"2024-08-08T17:26:52","guid":{"rendered":"https:\/\/www.cargodepot.mx\/tienda\/?page_id=4865"},"modified":"2025-03-25T13:02:21","modified_gmt":"2025-03-25T19:02:21","slug":"politica-de-privacidad","status":"publish","type":"page","link":"https:\/\/www.cargodepot.mx\/tienda\/politica-de-privacidad\/","title":{"rendered":"Pol\u00edtica de Privacidad"},"content":{"rendered":"\t\t<div data-elementor-type=\"wp-page\" data-elementor-id=\"4865\" class=\"elementor elementor-4865\" data-elementor-post-type=\"page\">\n\t\t\t\t<div class=\"elementor-element elementor-element-fd06ff6 e-flex e-con-boxed e-con e-parent\" data-id=\"fd06ff6\" data-element_type=\"container\">\n\t\t\t\t\t<div class=\"e-con-inner\">\n\t\t\t\t<div class=\"elementor-element elementor-element-10b629b3 elementor-widget elementor-widget-text-editor\" data-id=\"10b629b3\" data-element_type=\"widget\" data-widget_type=\"text-editor.default\">\n\t\t\t\t\t\t\t\t\t<p><\/p>\n<p>En el presente documento se informan las pol\u00edticas de privacidad que utiliza Euroservicios Industriales de M\u00e9xico S.A. de C.V. en materia de recopilaci\u00f3n, uso y divulgaci\u00f3n de datos personales al momento de utilizar los servicios presentes en este sitio web y de las opciones que dispone en relaci\u00f3n a esos datos.<\/p>\n<p>Estamos comprometidos con la seguridad de nuestros usuarios. Al utilizar nuestros servicios, usted acepta la recopilaci\u00f3n y uso de informaci\u00f3n seg\u00fan lo establecido en este aviso de privacidad. Sin embargo, este documento puede cambiar con el tiempo o ser actualizado por lo que se recomienda su revisi\u00f3n peri\u00f3dica para estar informado de dichos cambios.<\/p>\n<p><strong>INFORMACI\u00d3N RECOPILADA<\/strong><\/p>\n<p>a) Datos Personales<\/p>\n<p>Al utilizar nuestros servicios, es posible que le pidamos que nos proporcione informaci\u00f3n personal como: nombre, informaci\u00f3n de contacto, direcci\u00f3n, entre otros.<\/p><p><span lang=\"ES\">Recopilamos los datos de su perfil p\u00fablico \u00fanicamente a partir del\nconsentimiento que otorga antes de iniciar el inicio de sesi\u00f3n social, desde la\nred social utilizada para iniciar sesi\u00f3n en nuestro sitio web. Estos datos\nincluyen su nombre, apellido, direcci\u00f3n de correo electr\u00f3nico, enlace a su\nperfil de redes sociales, identificador \u00fanico, enlace al avatar del perfil\nsocial o el propio avatar del perfil social en el caso de inicio de sesi\u00f3n en\nFacebook y Linkedin. Estos datos se utilizan para crear su perfil de usuario en\nnuestro sitio web. Puede revocar este consentimiento en cualquier momento envi\u00e1ndonos\nun correo electr\u00f3nico a tienda@www.cargodepot.mx<\/span><o:p><\/o:p><\/p>\n<p><\/p>\n<p><\/p>\n<p>b) Datos de uso<\/p>\n<p>Tambi\u00e9n recopilamos informaci\u00f3n sobre la forma en que accede y utiliza nuestro sitio web. Esta informaci\u00f3n puede incluir datos como direcci\u00f3n del protocolo de internet de su ordenador, tipo de navegador, versi\u00f3n del navegador, tipo de dispositivo, p\u00e1ginas visitadas, datos demogr\u00e1ficos, hora y duraci\u00f3n de la visita.<\/p>\n<p>c) Cookies<\/p>\n<p>Utilizamos cookies y tecnolog\u00edas de almacenamiento similares para rastrear el uso de nuestros servicios y mantener la determinada informaci\u00f3n.<\/p>\n<p>Las cookies son archivos con una limitada cantidad de datos que se descargan una vez que usted accede a nuestros servicios, y se alojan en su dispositivo. Estas nos permiten analizar nuestros servicios para hacer mejoras y agregar nuevo contenido.<\/p>\n<p><strong>USO DE DATOS<\/strong><\/p>\n<p>La informaci\u00f3n recopilada en https:\/\/www.cargodepot.mx\/tienda\/ tiene como objetivo:<br>a) Realizar un seguimiento de nuestros usuarios y su actividad<br>b) Analizar la actividad en nuestro sitio web<br>c) Mejorar nuestros servicios<br>d) Controlar el uso de nuestra p\u00e1gina web<br>e) Notificar de nuestros cambios y\/o actualizaciones<br>f) Permitirle participar en funciones interactivas en nuestro sitio web cuando desee hacerlo<br>g) Prestar asistencia a nuestros usuarios<\/p>\n<p><strong>ENLACES A OTROS SITIOS<\/strong><\/p>\n<p>En nuestro sitio web puede encontrar enlaces a otras p\u00e1ginas no operadas por nosotros. No nos hacemos responsables por el contenido, pol\u00edticas o uso de datos de sitios o servicios de terceros.<\/p>\n<p>Se recomienda que revisar la pol\u00edtica de privacidad de cualquier sitio web antes de hacer uso de este.<\/p>\n<p><strong>SEGURIDAD DE LOS DATOS<\/strong><\/p>\n<p>Su seguridad es importante para nosotros, es por ello que utilizamos los mejores medios para proteger los datos utilizados en nuestro sitio web, sin embargo, le recordamos que no existe ning\u00fan medio de transmisi\u00f3n de datos o almacenamiento de los mismo que sea 100% seguro.<\/p>\n<p>Los datos obtenidos en este sitio web no se vender\u00e1n, distribuir\u00e1n, ni ceder\u00e1n a terceros sin su consentimiento, salvo que sea requerido por un juez con una orden judicial.<\/p>\n<p><strong>CAMBIOS EN ESTA POL\u00cdTICA DE PRIVACIDAD<\/strong><\/p>\n<p>Euroservicios Industriales de M\u00e9xico S.A. de C.V. se reserva el derecho a hacer cambios en los t\u00e9rminos de su aviso de privacidad. Los cambios realizados, ser\u00e1n notificados a trav\u00e9s de nuestro sitio web. Recomendamos visitar nuestras pol\u00edticas peri\u00f3dicamente para estar al tanto de las nuevas actualizaciones.<\/p>\n<p><strong>CONTACTO<\/strong><\/p>\n<p>Si tiene alguna pregunta sobre este documento o alguno de nuestros servicios, no dude en contactarnos al&nbsp;<a href=\"mailto:info@www.cargodepot.mx\">tienda@www.cargodepot.mx<\/a>.<\/p>\n<p><\/p>\t\t\t\t\t\t\t\t<\/div>\n\t\t\t\t\t<\/div>\n\t\t\t\t<\/div>\t\t<\/div>\n\t\t","protected":false},"excerpt":{"rendered":"<p>En el presente documento se informan las pol\u00edticas de privacidad que utiliza Euroservicios Industriales de M\u00e9xico S.A. de C.V. en materia de recopilaci\u00f3n, uso y&#8230;<\/p>\n","protected":false},"author":34,"featured_media":0,"parent":0,"menu_order":0,"comment_status":"closed","ping_status":"closed","template":"","meta":{"footnotes":""},"class_list":["post-4865","page","type-page","status-publish","hentry"],"aioseo_notices":[],"_links":{"self":[{"href":"https:\/\/www.cargodepot.mx\/tienda\/wp-json\/wp\/v2\/pages\/4865","targetHints":{"allow":["GET"]}}],"collection":[{"href":"https:\/\/www.cargodepot.mx\/tienda\/wp-json\/wp\/v2\/pages"}],"about":[{"href":"https:\/\/www.cargodepot.mx\/tienda\/wp-json\/wp\/v2\/types\/page"}],"author":[{"embeddable":true,"href":"https:\/\/www.cargodepot.mx\/tienda\/wp-json\/wp\/v2\/users\/34"}],"replies":[{"embeddable":true,"href":"https:\/\/www.cargodepot.mx\/tienda\/wp-json\/wp\/v2\/comments?post=4865"}],"version-history":[{"count":21,"href":"https:\/\/www.cargodepot.mx\/tienda\/wp-json\/wp\/v2\/pages\/4865\/revisions"}],"predecessor-version":[{"id":6946,"href":"https:\/\/www.cargodepot.mx\/tienda\/wp-json\/wp\/v2\/pages\/4865\/revisions\/6946"}],"wp:attachment":[{"href":"https:\/\/www.cargodepot.mx\/tienda\/wp-json\/wp\/v2\/media?parent=4865"}],"curies":[{"name":"wp","href":"https:\/\/api.w.org\/{rel}","templated":true}]}}