{"id":9805,"date":"2025-12-11T13:18:10","date_gmt":"2025-12-11T19:18:10","guid":{"rendered":"https:\/\/www.cargodepot.mx\/tienda\/?page_id=9805"},"modified":"2025-12-12T09:53:10","modified_gmt":"2025-12-12T15:53:10","slug":"encuesta-experiencia-en-sitio","status":"publish","type":"page","link":"https:\/\/www.cargodepot.mx\/tienda\/encuesta-experiencia-en-sitio\/","title":{"rendered":"Ay\u00fadanos a Mejorar tu Experiencia"},"content":{"rendered":"\t\t<div data-elementor-type=\"wp-page\" data-elementor-id=\"9805\" class=\"elementor elementor-9805\" data-elementor-post-type=\"page\">\n\t\t\t\t<div class=\"elementor-element elementor-element-3f21fb0 e-grid e-con-boxed e-con e-parent\" data-id=\"3f21fb0\" data-element_type=\"container\">\n\t\t\t\t\t<div class=\"e-con-inner\">\n\t\t\t\t<div class=\"elementor-element elementor-element-2df7878 elementor-widget elementor-widget-heading\" data-id=\"2df7878\" data-element_type=\"widget\" data-widget_type=\"heading.default\">\n\t\t\t\t\t<h2 class=\"elementor-heading-title elementor-size-default\">Ay\u00fadanos a Mejorar Tu Experiencia en Nuestra Web<\/h2>\t\t\t\t<\/div>\n\t\t\t\t\t<\/div>\n\t\t\t\t<\/div>\n\t\t<div class=\"elementor-element elementor-element-950d635 e-grid e-con-boxed e-con e-parent\" data-id=\"950d635\" data-element_type=\"container\">\n\t\t\t\t\t<div class=\"e-con-inner\">\n\t\t\t\t<div class=\"elementor-element elementor-element-9ca89ae elementor-button-align-start elementor-widget elementor-widget-form\" data-id=\"9ca89ae\" data-element_type=\"widget\" data-settings=\"{&quot;button_width&quot;:&quot;60&quot;,&quot;step_next_label&quot;:&quot;Next&quot;,&quot;step_previous_label&quot;:&quot;Previous&quot;,&quot;step_type&quot;:&quot;number_text&quot;,&quot;step_icon_shape&quot;:&quot;circle&quot;}\" data-widget_type=\"form.default\">\n\t\t\t\t\t\t\t<form class=\"elementor-form\" method=\"post\" name=\"New Form\">\n\t\t\t<input type=\"hidden\" name=\"post_id\" value=\"9805\"\/>\n\t\t\t<input type=\"hidden\" name=\"form_id\" value=\"9ca89ae\"\/>\n\t\t\t<input type=\"hidden\" name=\"referer_title\" value=\"Ay\u00fadanos a Mejorar tu Experiencia - Tienda Cargo Depot\" \/>\n\n\t\t\t\t\t\t\t<input type=\"hidden\" name=\"queried_id\" value=\"9805\"\/>\n\t\t\t\n\t\t\t<div class=\"elementor-form-fields-wrapper elementor-labels-above\">\n\t\t\t\t\t\t\t\t<div class=\"elementor-field-type-radio elementor-field-group elementor-column elementor-field-group-name elementor-col-100 elementor-field-required\">\n\t\t\t\t\t\t\t\t\t\t\t\t<label for=\"form-field-name\" class=\"elementor-field-label\">\n\t\t\t\t\t\t\t\t1.\t\u00bfEncontraste f\u00e1cilmente el producto que buscabas?\t\t\t\t\t\t\t<\/label>\n\t\t\t\t\t\t<div class=\"elementor-field-subgroup  \"><span class=\"elementor-field-option\"><input type=\"radio\" value=\"S\u00ed\" id=\"form-field-name-0\" name=\"form_fields[name]\" required=\"required\"> <label for=\"form-field-name-0\">S\u00ed<\/label><\/span><span class=\"elementor-field-option\"><input type=\"radio\" value=\"No\" id=\"form-field-name-1\" name=\"form_fields[name]\" required=\"required\"> <label for=\"form-field-name-1\">No<\/label><\/span><span class=\"elementor-field-option\"><input type=\"radio\" value=\"M\u00e1s o menos\" id=\"form-field-name-2\" name=\"form_fields[name]\" required=\"required\"> <label for=\"form-field-name-2\">M\u00e1s o menos<\/label><\/span><\/div>\t\t\t\t<\/div>\n\t\t\t\t\t\t\t\t<div class=\"elementor-field-type-radio elementor-field-group elementor-column elementor-field-group-field_30ed35a elementor-col-100 elementor-field-required\">\n\t\t\t\t\t\t\t\t\t\t\t\t<label for=\"form-field-field_30ed35a\" class=\"elementor-field-label\">\n\t\t\t\t\t\t\t\t2. \u00bfC\u00f3mo calificar\u00edas la navegaci\u00f3n?\t\t\t\t\t\t\t<\/label>\n\t\t\t\t\t\t<div class=\"elementor-field-subgroup  \"><span class=\"elementor-field-option\"><input type=\"radio\" value=\"Muy f\u00e1cil\" id=\"form-field-field_30ed35a-0\" name=\"form_fields[field_30ed35a]\" required=\"required\"> <label for=\"form-field-field_30ed35a-0\">Muy f\u00e1cil<\/label><\/span><span class=\"elementor-field-option\"><input type=\"radio\" value=\"Normal\" id=\"form-field-field_30ed35a-1\" name=\"form_fields[field_30ed35a]\" required=\"required\"> <label for=\"form-field-field_30ed35a-1\">Normal<\/label><\/span><span class=\"elementor-field-option\"><input type=\"radio\" value=\"Dif\u00edcil\" id=\"form-field-field_30ed35a-2\" name=\"form_fields[field_30ed35a]\" required=\"required\"> <label for=\"form-field-field_30ed35a-2\">Dif\u00edcil<\/label><\/span><\/div>\t\t\t\t<\/div>\n\t\t\t\t\t\t\t\t<div class=\"elementor-field-type-textarea elementor-field-group elementor-column elementor-field-group-field_71a369d elementor-col-100 elementor-field-required\">\n\t\t\t\t\t\t\t\t\t\t\t\t<label for=\"form-field-field_71a369d\" class=\"elementor-field-label\">\n\t\t\t\t\t\t\t\t3.\t\u00bfQu\u00e9 mejorar\u00edas en nuestra p\u00e1gina?\t\t\t\t\t\t\t<\/label>\n\t\t\t\t\t\t<textarea class=\"elementor-field-textual elementor-field  elementor-size-sm\" name=\"form_fields[field_71a369d]\" id=\"form-field-field_71a369d\" rows=\"3\" required=\"required\"><\/textarea>\t\t\t\t<\/div>\n\t\t\t\t\t\t\t\t<div class=\"elementor-field-type-radio elementor-field-group elementor-column elementor-field-group-field_cfeea11 elementor-col-100\">\n\t\t\t\t\t\t\t\t\t\t\t\t<label for=\"form-field-field_cfeea11\" class=\"elementor-field-label\">\n\t\t\t\t\t\t\t\t4.\t\u00bfC\u00f3mo llegaste a este sitio web?\t\t\t\t\t\t\t<\/label>\n\t\t\t\t\t\t<div class=\"elementor-field-subgroup  \"><span class=\"elementor-field-option\"><input type=\"radio\" value=\"Anuncio Google\" id=\"form-field-field_cfeea11-0\" name=\"form_fields[field_cfeea11]\"> <label for=\"form-field-field_cfeea11-0\">Anuncio Google<\/label><\/span><span class=\"elementor-field-option\"><input type=\"radio\" value=\"B\u00fasqueda\" id=\"form-field-field_cfeea11-1\" name=\"form_fields[field_cfeea11]\"> <label for=\"form-field-field_cfeea11-1\">B\u00fasqueda<\/label><\/span><span class=\"elementor-field-option\"><input type=\"radio\" value=\"Recomendaci\u00f3n\" id=\"form-field-field_cfeea11-2\" name=\"form_fields[field_cfeea11]\"> <label for=\"form-field-field_cfeea11-2\">Recomendaci\u00f3n<\/label><\/span><span class=\"elementor-field-option\"><input type=\"radio\" value=\"Redes Sociales\" id=\"form-field-field_cfeea11-3\" name=\"form_fields[field_cfeea11]\"> <label for=\"form-field-field_cfeea11-3\">Redes Sociales<\/label><\/span><\/div>\t\t\t\t<\/div>\n\t\t\t\t\t\t\t\t<div class=\"elementor-field-type-textarea elementor-field-group elementor-column elementor-field-group-field_7720a99 elementor-col-100\">\n\t\t\t\t\t\t\t\t\t\t\t\t<label for=\"form-field-field_7720a99\" class=\"elementor-field-label\">\n\t\t\t\t\t\t\t\t5. \u00bfQu\u00e9 productos te gustar\u00eda que incorpor\u00e1ramos a la tienda?\t\t\t\t\t\t\t<\/label>\n\t\t\t\t\t\t<textarea class=\"elementor-field-textual elementor-field  elementor-size-sm\" name=\"form_fields[field_7720a99]\" id=\"form-field-field_7720a99\" rows=\"3\"><\/textarea>\t\t\t\t<\/div>\n\t\t\t\t\t\t\t\t<div class=\"elementor-field-group elementor-column elementor-field-type-submit elementor-col-60 e-form__buttons\">\n\t\t\t\t\t<button class=\"elementor-button elementor-size-sm\" type=\"submit\">\n\t\t\t\t\t\t<span class=\"elementor-button-content-wrapper\">\n\t\t\t\t\t\t\t\t\t\t\t\t\t\t\t\t\t\t\t\t\t\t<span class=\"elementor-button-text\">Enviar respuestas<\/span>\n\t\t\t\t\t\t\t\t\t\t\t\t\t<\/span>\n\t\t\t\t\t<\/button>\n\t\t\t\t<\/div>\n\t\t\t<\/div>\n\t\t<\/form>\n\t\t\t\t\t\t<\/div>\n\t\t\t\t\t<\/div>\n\t\t\t\t<\/div>\n\t\t\t\t<\/div>\n\t\t","protected":false},"excerpt":{"rendered":"<p>Ay\u00fadanos a Mejorar Tu Experiencia en Nuestra Web<\/p>\n","protected":false},"author":34,"featured_media":0,"parent":0,"menu_order":0,"comment_status":"closed","ping_status":"closed","template":"elementor_header_footer","meta":{"footnotes":""},"class_list":["post-9805","page","type-page","status-publish","hentry"],"aioseo_notices":[],"_links":{"self":[{"href":"https:\/\/www.cargodepot.mx\/tienda\/wp-json\/wp\/v2\/pages\/9805","targetHints":{"allow":["GET"]}}],"collection":[{"href":"https:\/\/www.cargodepot.mx\/tienda\/wp-json\/wp\/v2\/pages"}],"about":[{"href":"https:\/\/www.cargodepot.mx\/tienda\/wp-json\/wp\/v2\/types\/page"}],"author":[{"embeddable":true,"href":"https:\/\/www.cargodepot.mx\/tienda\/wp-json\/wp\/v2\/users\/34"}],"replies":[{"embeddable":true,"href":"https:\/\/www.cargodepot.mx\/tienda\/wp-json\/wp\/v2\/comments?post=9805"}],"version-history":[{"count":19,"href":"https:\/\/www.cargodepot.mx\/tienda\/wp-json\/wp\/v2\/pages\/9805\/revisions"}],"predecessor-version":[{"id":9838,"href":"https:\/\/www.cargodepot.mx\/tienda\/wp-json\/wp\/v2\/pages\/9805\/revisions\/9838"}],"wp:attachment":[{"href":"https:\/\/www.cargodepot.mx\/tienda\/wp-json\/wp\/v2\/media?parent=9805"}],"curies":[{"name":"wp","href":"https:\/\/api.w.org\/{rel}","templated":true}]}}