{"id":10517,"date":"2026-05-11T10:48:34","date_gmt":"2026-05-11T16:48:34","guid":{"rendered":"https:\/\/www.cargodepot.mx\/tienda\/?post_type=product&#038;p=10517"},"modified":"2026-05-11T11:48:54","modified_gmt":"2026-05-11T17:48:54","slug":"precinto-bolt-bicolor","status":"publish","type":"product","link":"https:\/\/www.cargodepot.mx\/tienda\/producto\/precinto-bolt-bicolor\/","title":{"rendered":"Precinto Bolt Bicolor"},"content":{"rendered":"<h1>Precinto Bolt Bicolor \u2013 Alta Seguridad<\/h1>\n<p data-start=\"136\" data-end=\"296\">Nuestros\u00a0<strong>precintos de alta seguridad<\/strong>\u00a0se venden en cajas de\u00a0<strong data-start=\"195\" data-end=\"220\">50 piezas en adelante.<\/strong><\/p>\n<p data-start=\"298\" data-end=\"484\">\ud83d\udce6\u00a0<strong data-start=\"301\" data-end=\"327\">Descuentos por volumen<\/strong>:<br data-start=\"365\" data-end=\"368\" \/>\u2705\u00a0<strong data-start=\"370\" data-end=\"381\">1 caja:<\/strong>\u00a0Precio unitario<br data-start=\"397\" data-end=\"400\" \/>\u2705\u00a0<strong data-start=\"402\" data-end=\"414\">2 cajas:<\/strong>\u00a0<strong data-start=\"415\" data-end=\"436\">8.7% de descuento\u00a0<\/strong>\ud83c\udfaf<br data-start=\"436\" data-end=\"439\" data-is-only-node=\"\" \/>\u2705\u00a0<strong data-start=\"441\" data-end=\"459\">4 o m\u00e1s cajas:<\/strong>\u00a0<strong data-start=\"460\" data-end=\"482\">13.5% de descuento\u00a0<\/strong>\ud83c\udfaf<\/p>\n<div class=\"elementor-element elementor-element-81d6bf4 elementor-widget__width-initial elementor-widget elementor-widget-text-editor\" data-id=\"81d6bf4\" data-element_type=\"widget\" data-widget_type=\"text-editor.default\">\n<p data-start=\"298\" data-end=\"484\">El\u00a0<strong data-start=\"1296\" data-end=\"1321\">Precinto Tipo Botella<\/strong>\u00a0es esencial para el control y la trazabilidad de tus env\u00edos.<\/p>\n<p data-start=\"1265\" data-end=\"1686\">Facilitan la gesti\u00f3n de inventarios\u00a0<strong>reduciendo riesgos de robos o manipulaciones indebidas<\/strong>, lo que se traduce en una cadena de suministro m\u00e1s segura y confiable.<\/p>\n<p data-start=\"1688\" data-end=\"1844\"><strong data-start=\"1688\" data-end=\"1710\">Usos recomendados:\u00a0<\/strong>empresas de log\u00edstica, transporte y almacenamiento que buscan soluciones de seguridad fiables y pr\u00e1cticas para sus env\u00edos.<\/p>\n<p data-start=\"1846\" data-end=\"1998\">\u00a1Con el\u00a0<strong>precinto Tipo Botella<\/strong>\u00a0de Cargo Depot aumentas la\u00a0<strong>seguridad<\/strong>\u00a0en cada env\u00edo y\u00a0<strong>reduces el riesgo de robos<\/strong>\u00a0y\u00a0<strong>accesos no autorizados<\/strong>!<\/p>\n<div align=\"Center\">Cumplen con la\u00a0<strong>Certificaci\u00f3n ISO STANDARD<\/strong><\/div>\n<div align=\"Center\">\u2705<strong>\u00a0ISO 17712:2013<\/strong><\/div>\n<div align=\"Center\"><strong>\u00a0 \u00a0 \u00a0 \u00a0\u2705 ISO 17712 Clause 6<\/strong><\/div>\n<div align=\"Center\"><strong>\u2705 ISO 9001:2015 \u00a0<\/strong><\/div>\n<p>Por su forma se conocen como:\u00a0<strong>sellos de clavo<\/strong>,\u00a0<strong>sellos tipo bolt<\/strong>,\u00a0<b>sellos de botella<\/b>,\u00a0<strong>sellos de barril<\/strong>\u00a0o\u00a0<strong>tipo perno<\/strong>.<\/p>\n<\/div>\n","protected":false},"excerpt":{"rendered":"<p>Precinto Bolt Bicolor \u2013 Alta Seguridad Nuestros\u00a0precintos de alta seguridad\u00a0se venden en cajas de\u00a050 piezas en adelante. \ud83d\udce6\u00a0Descuentos por volumen:\u2705\u00a01 caja:\u00a0Precio unitario\u2705\u00a02 cajas:\u00a08.7% de descuento\u00a0\ud83c\udfaf\u2705\u00a04&#8230;<\/p>\n","protected":false},"featured_media":10518,"comment_status":"open","ping_status":"closed","template":"","meta":[],"etheme_brands":[{"term_id":97,"name":"CargoDepot","slug":"cargodepot","term_group":0,"term_taxonomy_id":97,"taxonomy":"brand","description":"","parent":0,"count":15,"filter":"raw"}],"product_brand":[242],"product_cat":[73],"product_tag":[261,262],"class_list":{"0":"post-10517","1":"product","2":"type-product","3":"status-publish","4":"has-post-thumbnail","6":"brand-cargodepot","7":"product_brand-precinto-cable-metalico","8":"product_cat-sellos-tipo-botella","9":"product_tag-precinto-bolt","10":"product_tag-sello-de-seguridad","12":"first","13":"instock","14":"taxable","15":"shipping-taxable","16":"product-type-variable"},"aioseo_notices":[],"_links":{"self":[{"href":"https:\/\/www.cargodepot.mx\/tienda\/wp-json\/wp\/v2\/product\/10517","targetHints":{"allow":["GET"]}}],"collection":[{"href":"https:\/\/www.cargodepot.mx\/tienda\/wp-json\/wp\/v2\/product"}],"about":[{"href":"https:\/\/www.cargodepot.mx\/tienda\/wp-json\/wp\/v2\/types\/product"}],"replies":[{"embeddable":true,"href":"https:\/\/www.cargodepot.mx\/tienda\/wp-json\/wp\/v2\/comments?post=10517"}],"version-history":[{"count":1,"href":"https:\/\/www.cargodepot.mx\/tienda\/wp-json\/wp\/v2\/product\/10517\/revisions"}],"predecessor-version":[{"id":10522,"href":"https:\/\/www.cargodepot.mx\/tienda\/wp-json\/wp\/v2\/product\/10517\/revisions\/10522"}],"wp:featuredmedia":[{"embeddable":true,"href":"https:\/\/www.cargodepot.mx\/tienda\/wp-json\/wp\/v2\/media\/10518"}],"wp:attachment":[{"href":"https:\/\/www.cargodepot.mx\/tienda\/wp-json\/wp\/v2\/media?parent=10517"}],"wp:term":[{"taxonomy":"brand","embeddable":true,"href":"https:\/\/www.cargodepot.mx\/tienda\/wp-json\/wp\/v2\/etheme_brands?post=10517"},{"taxonomy":"product_brand","embeddable":true,"href":"https:\/\/www.cargodepot.mx\/tienda\/wp-json\/wp\/v2\/product_brand?post=10517"},{"taxonomy":"product_cat","embeddable":true,"href":"https:\/\/www.cargodepot.mx\/tienda\/wp-json\/wp\/v2\/product_cat?post=10517"},{"taxonomy":"product_tag","embeddable":true,"href":"https:\/\/www.cargodepot.mx\/tienda\/wp-json\/wp\/v2\/product_tag?post=10517"}],"curies":[{"name":"wp","href":"https:\/\/api.w.org\/{rel}","templated":true}]}}