{"id":7156,"date":"2025-03-15T11:49:02","date_gmt":"2025-03-15T17:49:02","guid":{"rendered":"https:\/\/www.cargodepot.mx\/tienda\/?post_type=product&#038;p=7156"},"modified":"2025-09-29T13:15:34","modified_gmt":"2025-09-29T19:15:34","slug":"precinto-plastico-dentado","status":"publish","type":"product","link":"https:\/\/www.cargodepot.mx\/tienda\/producto\/precinto-plastico-dentado\/","title":{"rendered":"Precinto Pl\u00e1stico Dentado"},"content":{"rendered":"\t\t<div data-elementor-type=\"product-post\" data-elementor-id=\"7156\" class=\"elementor elementor-7156\" data-elementor-post-type=\"product\">\n\t\t\t\t<div class=\"elementor-element elementor-element-0f36973 e-grid e-con-boxed e-con e-parent\" data-id=\"0f36973\" data-element_type=\"container\">\n\t\t\t\t\t<div class=\"e-con-inner\">\n\t\t<div class=\"elementor-element elementor-element-3544dcc e-con-full e-flex e-con e-child\" data-id=\"3544dcc\" data-element_type=\"container\">\n\t\t\t\t<div class=\"elementor-element elementor-element-fa3fa0c elementor-widget__width-initial elementor-widget elementor-widget-text-editor\" data-id=\"fa3fa0c\" data-element_type=\"widget\" data-widget_type=\"text-editor.default\">\n\t\t\t\t\t\t\t\t\t<p data-start=\"136\" data-end=\"296\">Nuestros <span style=\"color: #000000;\"><strong>Precintos Pl\u00e1sticos Dentados<\/strong><\/span> se venden en cajas de <strong data-start=\"195\" data-end=\"220\"><span style=\"color: #000000;\">100 piezas en adelante<\/span>.<\/strong><\/p><p data-start=\"298\" data-end=\"484\">\ud83d\udce6 <span style=\"color: #000000;\"><strong data-start=\"301\" data-end=\"327\">Descuentos por volumen<\/strong><\/span> (aplican para cajas del mismo color):<br data-start=\"365\" data-end=\"368\" \/>\u2705 <strong data-start=\"370\" data-end=\"381\">1 caja:<\/strong> Precio unitario<br data-start=\"397\" data-end=\"400\" \/>\u2705 <strong data-start=\"402\" data-end=\"414\">2 cajas:<\/strong> <span style=\"color: #ff0000;\"><strong data-start=\"415\" data-end=\"436\">9% de descuento\u00a0<\/strong><\/span>\ud83c\udfaf<br data-start=\"436\" data-end=\"439\" data-is-only-node=\"\" \/>\u2705 <strong data-start=\"441\" data-end=\"459\">4 o m\u00e1s cajas:<\/strong> <span style=\"color: #ff0000;\"><strong data-start=\"460\" data-end=\"482\">14% de descuento\u00a0<\/strong><\/span><span style=\"background-color: var(--et_container-bg-color,transparent);\">\ud83c\udfaf<\/span><\/p><p data-start=\"298\" data-end=\"484\">El <span style=\"color: #000000;\"><strong data-start=\"1296\" data-end=\"1321\">Precinto Plastico Dentado<\/strong><\/span>\u00a0es esencial para el control y la trazabilidad de tus env\u00edos.\u00a0<\/p><p data-start=\"1265\" data-end=\"1686\">Facilitan la gesti\u00f3n de inventarios <strong><span style=\"color: #000000;\">reduciendo riesgos<\/span> <span style=\"color: #000000;\">de robos o manipulaciones indebidas<\/span><\/strong>, lo que se traduce en una cadena de suministro m\u00e1s segura y confiable.<\/p><p data-start=\"1688\" data-end=\"1844\"><strong data-start=\"1688\" data-end=\"1710\"><span style=\"color: #000000;\">Usos recomendados<\/span>: <\/strong>empresas de log\u00edstica, transporte y almacenamiento que buscan soluciones de seguridad fiables y pr\u00e1cticas para sus env\u00edos.<\/p>\t\t\t\t\t\t\t\t<\/div>\n\t\t\t\t<\/div>\n\t\t\t\t\t<\/div>\n\t\t\t\t<\/div>\n\t\t<div class=\"elementor-element elementor-element-54fd2d3 e-flex e-con-boxed e-con e-parent\" data-id=\"54fd2d3\" data-element_type=\"container\">\n\t\t\t\t\t<div class=\"e-con-inner\">\n\t\t\t\t<div class=\"elementor-element elementor-element-32d0345 elementor-widget elementor-widget-heading\" data-id=\"32d0345\" data-element_type=\"widget\" data-widget_type=\"heading.default\">\n\t\t\t\t\t<h2 class=\"elementor-heading-title elementor-size-default\">\ud83d\udd17 Productos Relacionados<\/h2>\t\t\t\t<\/div>\n\t\t<div class=\"elementor-element elementor-element-a88622e e-con-full e-flex e-con e-child\" data-id=\"a88622e\" data-element_type=\"container\">\n\t\t<div class=\"elementor-element elementor-element-9f8109b e-con-full e-flex e-con e-child\" data-id=\"9f8109b\" data-element_type=\"container\">\n\t\t\t\t<div class=\"elementor-element elementor-element-631cdea elementor-widget elementor-widget-etheme_products\" data-id=\"631cdea\" data-element_type=\"widget\" data-widget_type=\"etheme_products.default\">\n\t\t\t\t<div class=\"elementor-widget-container\">\n\t\t\t\t\t        <link rel=\"stylesheet\" href=\"https:\/\/www.cargodepot.mx\/tienda\/wp-content\/themes\/xstore\/css\/modules\/woocommerce\/global.min.css?ver=0.0.2\" type=\"text\/css\" media=\"all\" \/> \t\t        <link rel=\"stylesheet\" href=\"https:\/\/www.cargodepot.mx\/tienda\/wp-content\/themes\/xstore\/css\/modules\/woocommerce\/archive.min.css?ver=0.0.2\" type=\"text\/css\" media=\"all\" \/> \t\t        <link rel=\"stylesheet\" href=\"https:\/\/www.cargodepot.mx\/tienda\/wp-content\/themes\/xstore\/css\/swatches.min.css?ver=0.0.2\" type=\"text\/css\" media=\"all\" \/> \t\t        <link rel=\"stylesheet\" href=\"https:\/\/www.cargodepot.mx\/tienda\/wp-content\/themes\/xstore\/css\/modules\/woocommerce\/product-hovers\/product-view-mask3.min.css?ver=0.0.2\" type=\"text\/css\" media=\"all\" \/> \t\t        <link rel=\"stylesheet\" href=\"https:\/\/www.cargodepot.mx\/tienda\/wp-content\/themes\/xstore\/css\/modules\/woocommerce\/content-product-custom.min.css?ver=0.0.2\" type=\"text\/css\" media=\"all\" \/> \t\t<div class=\"swiper-entry  middle arrows-hover\">\r\n\t                <div\r\n\t                    class=\"swiper-container carousel-area  products-slider slider-9835 \"\r\n\t                    \r\n\t                    data-breakpoints=\"1\"\r\n\t                    data-xs-slides=\"1\"\r\n\t                    data-sm-slides=\"2\"\r\n\t                    data-md-slides=\"4\"\r\n\t                    data-lt-slides=\"4\"\r\n\t                    data-slides-per-view=\"4\"\r\n\t                    \r\n\t                    data-slides-per-group=\"1\"\r\n\t                    data-autoplay=\"\"\r\n\t                    data-speed=\"300\"  \r\n\t                >\r\n\t            <div class=\"swiper-wrapper\"><div class=\"swiper-slide slide-item product-slide -slide\" style=\"width:25%\"><div class=\"et_cart-on product-hover-swap product-view-mask3 view-color-white product type-product post-848 status-publish instock product_cat-sellos-de-seguridad product_cat-sellos-tipo-botella product_tag-acero product_tag-contenedores product_tag-plastico product_tag-sellos-bolt product_tag-sellos-de-seguridad has-post-thumbnail taxable shipping-taxable purchasable product-type-variable\">\r\n    <div class=\"content-product \">\r\n        \r\n        \r\n            \r\n                    \r\n                    <div class=\"product-image-wrapper hover-effect-swap\"\r\n                        >\r\n\t                    <p class=\"stock in-stock\">981 disponibles<\/p>                        <a class=\"product-content-image woocommerce-LoopProduct-link woocommerce-loop-product__link\" href=\"https:\/\/www.cargodepot.mx\/tienda\/producto\/sellos-de-botella-clavo-barril-alta-seguridad-varios-colores\/\"\r\n                           data-images=\"\"\r\n                           >\r\n\t                        \t                                                    <div class=\"image-swap\"><img fetchpriority=\"high\" decoding=\"async\" width=\"300\" height=\"300\" src=\"https:\/\/www.cargodepot.mx\/tienda\/wp-content\/uploads\/xstore\/xstore-placeholder.png\" data-src=\"https:\/\/www.cargodepot.mx\/tienda\/wp-content\/uploads\/sello-de-alta-seguridad-tipo-botella-color-amarillo.png\" class=\" lazyload lazyload-simple et-lazyload-fadeIn\" alt=\"Sello tipo Botella alta seguridad color amarillo\" loading=\"eager\" \/><\/div>\t\r\n\t                        <img decoding=\"async\" width=\"300\" height=\"300\" src=\"https:\/\/www.cargodepot.mx\/tienda\/wp-content\/uploads\/sello-de-alta-seguridad-tipo-botella-color-amarillo.png\" class=\"attachment-woocommerce_thumbnail size-woocommerce_thumbnail\" alt=\"Sello tipo Botella alta seguridad color amarillo\" loading=\"eager\" \/>                            \r\n                        <\/a>\r\n                        \r\n                        \r\n                        \r\n                        \r\n                                                    <footer class=\"footer-product\">\r\n                                        <a href=\"https:\/\/www.cargodepot.mx\/tienda\/mi-cuenta\/?et-wishlist-page&#038;add_to_wishlist=848\" class='xstore-wishlist xstore-wishlist-icon xstore-wishlist-has-animation' data-action='add' data-id='848' data-settings='{\"iconAdd\":\"et-heart\",\"iconRemove\":\"et-heart-o\",\"addText\":\"Add to Wishlist\",\"removeText\":\"Remove from Wishlist\"}'>\r\n                                <span class=\"et-icon et-heart\"><\/span>\r\n                        <\/a>\r\n        <\/a><span class=\"gtm4wp_productdata\" style=\"display:none; visibility:hidden;\" data-gtm4wp_product_data=\"{&quot;internal_id&quot;:848,&quot;item_id&quot;:848,&quot;item_name&quot;:&quot;Precinto Bolt \\u2013 Alta Seguridad&quot;,&quot;sku&quot;:&quot;#000475645&quot;,&quot;price&quot;:1150,&quot;stocklevel&quot;:981,&quot;stockstatus&quot;:&quot;instock&quot;,&quot;google_business_vertical&quot;:&quot;retail&quot;,&quot;item_category&quot;:&quot;Sellos tipo Botella&quot;,&quot;id&quot;:848,&quot;productlink&quot;:&quot;https:\\\/\\\/www.cargodepot.mx\\\/tienda\\\/producto\\\/sellos-de-botella-clavo-barril-alta-seguridad-varios-colores\\\/&quot;,&quot;item_list_name&quot;:&quot;General Product List&quot;,&quot;index&quot;:2,&quot;product_type&quot;:&quot;variable&quot;,&quot;item_brand&quot;:&quot;&quot;}\"><\/span><a href=\"https:\/\/www.cargodepot.mx\/tienda\/producto\/sellos-de-botella-clavo-barril-alta-seguridad-varios-colores\/\" aria-describedby=\"woocommerce_loop_add_to_cart_link_describedby_848\" data-quantity=\"1\" class=\"button product_type_variable add_to_cart_button\" data-product_id=\"848\" data-product_sku=\"#000475645\" aria-label=\"Elige las opciones para &ldquo;Precinto Bolt \u2013 Alta Seguridad&rdquo;\" rel=\"nofollow\" data-product_name=\"Precinto Bolt \u2013 Alta Seguridad\">Seleccionar opciones<\/a>\t<span id=\"woocommerce_loop_add_to_cart_link_describedby_848\" class=\"screen-reader-text\">\n\t\tEste producto tiene m\u00faltiples variantes. Las opciones se pueden elegir en la p\u00e1gina de producto\t<\/span>\n\t\t<a href=\"https:\/\/www.cargodepot.mx\/tienda\/mi-cuenta\/?et-compare-page&#038;add_to_compare=848\" class='xstore-compare xstore-compare-icon' data-action='add' data-id='848' data-settings='{\"iconAdd\":\"et-compare\",\"iconRemove\":\"et-compare\",\"addText\":\"Add to Compare\",\"removeText\":\"Remove\"}'>\r\n                                <span class=\"et-icon et-compare\"><\/span>\r\n                        <\/a>\r\n\t\t                                                                                                            <span class=\"show-quickly\" data-prodid=\"848\">Quick View<\/span>\r\n                                                                                                <\/footer>\r\n                                            <\/div>\r\n\r\n                    \r\n            \t\t                        <div class=\"text-center product-details\">\r\n\r\n                            \r\n                    \r\n                                            <div class=\"products-page-cats\"><a href=\"https:\/\/www.cargodepot.mx\/tienda\/product-category\/sellos-de-seguridad\/sellos-tipo-botella\/\">Sellos tipo Botella<\/a><\/div>                                \r\n                                            <h2 class=\"product-title\">\r\n                            <a href=\"https:\/\/www.cargodepot.mx\/tienda\/producto\/sellos-de-botella-clavo-barril-alta-seguridad-varios-colores\/\">Precinto Bolt \u2013 Alta Seguridad<\/a>\r\n                        <\/h2>\r\n                                        \r\n                                \r\n                                                    \n\t<span class=\"price\"><span class=\"woocommerce-Price-amount amount\"><bdi><span class=\"woocommerce-Price-currencySymbol\">&#36;<\/span>1,150.00<\/bdi><\/span> <small class=\"woocommerce-price-suffix\">+ IVA<\/small><p style=\"font-size: 14px; color: #777;\">\ud83d\udce6 Caja con 50 Precintos Foliados<\/p><\/span>\n                                                                                                        \r\n                                        \r\n                    \r\n                                \r\n                <\/div>            \r\n\t\t                                            <\/div><!-- .content-product -->\r\n<\/div>\r\n\r\n<\/div><div class=\"swiper-slide slide-item product-slide -slide\" style=\"width:25%\"><div class=\"et_cart-on product-hover-swap product-view-mask3 view-color-white product type-product post-6874 status-publish last instock product_cat-bolsas-para-estibar product_cat-estiba product_tag-bolsas-industriales-para-carga has-post-thumbnail taxable shipping-taxable purchasable product-type-variable\">\r\n    <div class=\"content-product \">\r\n        \r\n        \r\n            \r\n                    \r\n                    <div class=\"product-image-wrapper hover-effect-swap\"\r\n                        >\r\n\t                    <p class=\"stock in-stock\">754 disponibles<\/p>                        <a class=\"product-content-image woocommerce-LoopProduct-link woocommerce-loop-product__link\" href=\"https:\/\/www.cargodepot.mx\/tienda\/producto\/bolsas-industriales-para-carga\/\"\r\n                           data-images=\"\"\r\n                           >\r\n\t                        \t                                                    <div class=\"image-swap\"><img decoding=\"async\" width=\"300\" height=\"300\" src=\"https:\/\/www.cargodepot.mx\/tienda\/wp-content\/uploads\/xstore\/xstore-placeholder.png\" data-src=\"https:\/\/www.cargodepot.mx\/tienda\/wp-content\/uploads\/BOLSAs-ESTIBA-WEB-4-300x300.png\" class=\" lazyload lazyload-simple et-lazyload-fadeIn\" alt=\"\" loading=\"eager\" \/><\/div>\t\r\n\t                        <img decoding=\"async\" width=\"300\" height=\"300\" src=\"https:\/\/www.cargodepot.mx\/tienda\/wp-content\/uploads\/Bolsa-de-estiba-Dunnage-Bag-Tienda.png\" class=\"attachment-woocommerce_thumbnail size-woocommerce_thumbnail\" alt=\"\" loading=\"eager\" \/>                            \r\n                        <\/a>\r\n                        \r\n                        \r\n                        \r\n                        \r\n                                                    <footer class=\"footer-product\">\r\n                                        <a href=\"https:\/\/www.cargodepot.mx\/tienda\/mi-cuenta\/?et-wishlist-page&#038;add_to_wishlist=6874\" class='xstore-wishlist xstore-wishlist-icon xstore-wishlist-has-animation' data-action='add' data-id='6874' data-settings='{\"iconAdd\":\"et-heart\",\"iconRemove\":\"et-heart-o\",\"addText\":\"Add to Wishlist\",\"removeText\":\"Remove from Wishlist\"}'>\r\n                                <span class=\"et-icon et-heart\"><\/span>\r\n                        <\/a>\r\n        <\/a><span class=\"gtm4wp_productdata\" style=\"display:none; visibility:hidden;\" data-gtm4wp_product_data=\"{&quot;internal_id&quot;:6874,&quot;item_id&quot;:6874,&quot;item_name&quot;:&quot;Bolsas Industriales para Carga&quot;,&quot;sku&quot;:&quot;#000003&quot;,&quot;price&quot;:1299,&quot;stocklevel&quot;:754,&quot;stockstatus&quot;:&quot;instock&quot;,&quot;google_business_vertical&quot;:&quot;retail&quot;,&quot;item_category&quot;:&quot;Bolsas para Estibar&quot;,&quot;id&quot;:6874,&quot;productlink&quot;:&quot;https:\\\/\\\/www.cargodepot.mx\\\/tienda\\\/producto\\\/bolsas-industriales-para-carga\\\/&quot;,&quot;item_list_name&quot;:&quot;General Product List&quot;,&quot;index&quot;:4,&quot;product_type&quot;:&quot;variable&quot;,&quot;item_brand&quot;:&quot;&quot;}\"><\/span><a href=\"https:\/\/www.cargodepot.mx\/tienda\/producto\/bolsas-industriales-para-carga\/\" aria-describedby=\"woocommerce_loop_add_to_cart_link_describedby_6874\" data-quantity=\"1\" class=\"button product_type_variable add_to_cart_button\" data-product_id=\"6874\" data-product_sku=\"#000003\" aria-label=\"Elige las opciones para &ldquo;Bolsas Industriales para Carga&rdquo;\" rel=\"nofollow\" data-product_name=\"Bolsas Industriales para Carga\">Seleccionar opciones<\/a>\t<span id=\"woocommerce_loop_add_to_cart_link_describedby_6874\" class=\"screen-reader-text\">\n\t\tEste producto tiene m\u00faltiples variantes. Las opciones se pueden elegir en la p\u00e1gina de producto\t<\/span>\n\t\t<a href=\"https:\/\/www.cargodepot.mx\/tienda\/mi-cuenta\/?et-compare-page&#038;add_to_compare=6874\" class='xstore-compare xstore-compare-icon' data-action='add' data-id='6874' data-settings='{\"iconAdd\":\"et-compare\",\"iconRemove\":\"et-compare\",\"addText\":\"Add to Compare\",\"removeText\":\"Remove\"}'>\r\n                                <span class=\"et-icon et-compare\"><\/span>\r\n                        <\/a>\r\n\t\t                                                                                                            <span class=\"show-quickly\" data-prodid=\"6874\">Quick View<\/span>\r\n                                                                                                <\/footer>\r\n                                            <\/div>\r\n\r\n                    \r\n            \t\t                        <div class=\"text-center product-details\">\r\n\r\n                            \r\n                    \r\n                                            <div class=\"products-page-cats\"><a href=\"https:\/\/www.cargodepot.mx\/tienda\/product-category\/estiba\/\">Estiba<\/a><\/div>                                \r\n                                            <h2 class=\"product-title\">\r\n                            <a href=\"https:\/\/www.cargodepot.mx\/tienda\/producto\/bolsas-industriales-para-carga\/\">Bolsas Industriales para Carga<\/a>\r\n                        <\/h2>\r\n                                        \r\n                                \r\n                                                    \n\t<span class=\"price\"><span class=\"woocommerce-Price-amount amount\"><bdi><span class=\"woocommerce-Price-currencySymbol\">&#36;<\/span>1,299.00<\/bdi><\/span> &ndash; <span class=\"woocommerce-Price-amount amount\"><bdi><span class=\"woocommerce-Price-currencySymbol\">&#36;<\/span>4,417.12<\/bdi><\/span> <small class=\"woocommerce-price-suffix\">+ IVA<\/small><p style=\"font-size: 14px; color: #777;\">\ud83d\udce6 Caja con 10 Bolsas para estiba<\/p><\/span>\n                                                                                                        \r\n                                        \r\n                    \r\n                                \r\n                <\/div>            \r\n\t\t                                            <\/div><!-- .content-product -->\r\n<\/div>\r\n\r\n<\/div><\/div><!-- slider wrapper--><\/div><!-- slider container-->\r\n                \t\t<div class=\"swiper-button-prev swiper-custom-left  et-swiper-elementor-nav type-arrow style-1\"><\/div>\r\n                \t\t<div class=\"swiper-button-next swiper-custom-right  et-swiper-elementor-nav type-arrow style-1\"><\/div>\r\n                \t\t<\/div><div class=\"clear\"><\/div><!-- slider-entry -->\t\t\t\t<\/div>\n\t\t\t\t<\/div>\n\t\t\t\t<\/div>\n\t\t\t\t<\/div>\n\t\t\t\t\t<\/div>\n\t\t\t\t<\/div>\n\t\t\t\t<\/div>\n\t\t","protected":false},"excerpt":{"rendered":"<p>Inicio Marca: Aprovecha el Descuento por Vol\u00famen en Cajas de Sellos del Mismo Color. \ud83d\ude9a Envio\u00a0Ordinario:\u00a0Gratis. Apartir de la segunda caja. color Elige una opci\u00f3nAmarilloLimpiar&#8230;<\/p>\n","protected":false},"featured_media":9333,"comment_status":"open","ping_status":"closed","template":"","meta":[],"etheme_brands":[{"term_id":97,"name":"CargoDepot","slug":"cargodepot","term_group":0,"term_taxonomy_id":97,"taxonomy":"brand","description":"","parent":0,"count":14,"filter":"raw"}],"product_brand":[],"product_cat":[130,70,115],"product_tag":[],"class_list":{"0":"post-7156","1":"product","2":"type-product","3":"status-publish","4":"has-post-thumbnail","6":"brand-cargodepot","7":"product_cat-sello-plastico-dentado","8":"product_cat-sellos-de-seguridad","9":"product_cat-sellos-plasticos","11":"first","12":"instock","13":"taxable","14":"shipping-taxable","15":"purchasable","16":"product-type-variable"},"aioseo_notices":[],"_links":{"self":[{"href":"https:\/\/www.cargodepot.mx\/tienda\/wp-json\/wp\/v2\/product\/7156","targetHints":{"allow":["GET"]}}],"collection":[{"href":"https:\/\/www.cargodepot.mx\/tienda\/wp-json\/wp\/v2\/product"}],"about":[{"href":"https:\/\/www.cargodepot.mx\/tienda\/wp-json\/wp\/v2\/types\/product"}],"replies":[{"embeddable":true,"href":"https:\/\/www.cargodepot.mx\/tienda\/wp-json\/wp\/v2\/comments?post=7156"}],"version-history":[{"count":92,"href":"https:\/\/www.cargodepot.mx\/tienda\/wp-json\/wp\/v2\/product\/7156\/revisions"}],"predecessor-version":[{"id":8954,"href":"https:\/\/www.cargodepot.mx\/tienda\/wp-json\/wp\/v2\/product\/7156\/revisions\/8954"}],"wp:featuredmedia":[{"embeddable":true,"href":"https:\/\/www.cargodepot.mx\/tienda\/wp-json\/wp\/v2\/media\/9333"}],"wp:attachment":[{"href":"https:\/\/www.cargodepot.mx\/tienda\/wp-json\/wp\/v2\/media?parent=7156"}],"wp:term":[{"taxonomy":"brand","embeddable":true,"href":"https:\/\/www.cargodepot.mx\/tienda\/wp-json\/wp\/v2\/etheme_brands?post=7156"},{"taxonomy":"product_brand","embeddable":true,"href":"https:\/\/www.cargodepot.mx\/tienda\/wp-json\/wp\/v2\/product_brand?post=7156"},{"taxonomy":"product_cat","embeddable":true,"href":"https:\/\/www.cargodepot.mx\/tienda\/wp-json\/wp\/v2\/product_cat?post=7156"},{"taxonomy":"product_tag","embeddable":true,"href":"https:\/\/www.cargodepot.mx\/tienda\/wp-json\/wp\/v2\/product_tag?post=7156"}],"curies":[{"name":"wp","href":"https:\/\/api.w.org\/{rel}","templated":true}]}}