{"id":9623,"date":"2025-11-12T11:40:06","date_gmt":"2025-11-12T17:40:06","guid":{"rendered":"https:\/\/www.cargodepot.mx\/tienda\/?post_type=product&#038;p=9623"},"modified":"2026-03-11T11:12:18","modified_gmt":"2026-03-11T17:12:18","slug":"cortinas-de-atmosfera-controlada","status":"publish","type":"product","link":"https:\/\/www.cargodepot.mx\/tienda\/producto\/cortinas-de-atmosfera-controlada\/","title":{"rendered":"Cortinas de Atm\u00f3sfera Controlada"},"content":{"rendered":"\t\t<div data-elementor-type=\"product-post\" data-elementor-id=\"9623\" class=\"elementor elementor-9623\" data-elementor-post-type=\"product\">\n\t\t\t\t<div class=\"elementor-element elementor-element-237d1b42 e-flex e-con-boxed e-con e-parent\" data-id=\"237d1b42\" data-element_type=\"container\">\n\t\t\t\t\t<div class=\"e-con-inner\">\n\t\t\t\t<div class=\"elementor-element elementor-element-a5b8984 elementor-widget elementor-widget-text-editor\" data-id=\"a5b8984\" data-element_type=\"widget\" data-widget_type=\"text-editor.default\">\n\t\t\t\t\t\t\t\t\t<h3 data-start=\"185\" data-end=\"245\"><strong data-start=\"192\" data-end=\"240\">Cortinas de Atm\u00f3sfera Controlada Cargo Depot<\/strong> \u2744\ufe0f<\/h3><p data-start=\"247\" data-end=\"482\">Las <strong data-start=\"251\" data-end=\"306\">cortinas <\/strong><strong data-start=\"324\" data-end=\"339\">Cargo Depot<\/strong> est\u00e1n dise\u00f1adas para <strong data-start=\"361\" data-end=\"411\">sellar herm\u00e9ticamente la puerta del contenedor<\/strong>, evitando la <strong data-start=\"425\" data-end=\"442\">fuga de gases<\/strong> y las <strong data-start=\"449\" data-end=\"479\">variaciones de temperatura<\/strong>.<\/p><p data-start=\"484\" data-end=\"746\">\ud83c\udf2c\ufe0f Gracias a su <strong data-start=\"501\" data-end=\"539\">tecnolog\u00eda de atm\u00f3sfera controlada<\/strong>, mantienen <strong data-start=\"551\" data-end=\"616\">condiciones \u00f3ptimas para la conservaci\u00f3n de frutas, verduras y carnes<\/strong>, asegurando una <strong data-start=\"633\" data-end=\"658\">temperatura constante<\/strong> y un <strong data-start=\"664\" data-end=\"723\">balance ideal de ox\u00edgeno, di\u00f3xido de carbono <\/strong>y <strong data-start=\"726\" data-end=\"743\">humedad<\/strong>.<\/p><p data-start=\"748\" data-end=\"905\">\ud83c\udf47 Esto permite <strong data-start=\"764\" data-end=\"793\">reducir la deshidrataci\u00f3n<\/strong>, <strong data-start=\"795\" data-end=\"820\">prolongar la frescura<\/strong> y <strong data-start=\"823\" data-end=\"846\">evitar el deterioro<\/strong> de los productos durante el transporte o almacenamiento.<\/p><p data-start=\"907\" data-end=\"929\">\ud83d\udce6 <strong data-start=\"910\" data-end=\"927\">Presentaci\u00f3n:<\/strong><\/p><ul data-start=\"930\" data-end=\"1036\"><li data-start=\"930\" data-end=\"959\"><p data-start=\"932\" data-end=\"959\">Caja con <strong data-start=\"941\" data-end=\"956\">12 cortinas<\/strong>.<\/p><\/li><li data-start=\"960\" data-end=\"1036\"><p data-start=\"962\" data-end=\"1036\">Incluye <strong data-start=\"970\" data-end=\"1000\">cinta y etiquetas<\/strong> para instalaci\u00f3n r\u00e1pida y segura.<\/p><\/li><\/ul><p data-start=\"1038\" data-end=\"1154\">\ud83d\ude9a <strong data-start=\"1041\" data-end=\"1069\">Env\u00edo ordinario gratuito<\/strong> en un plazo de <strong data-start=\"1085\" data-end=\"1107\">3 a 7 d\u00edas h\u00e1biles<\/strong>, seg\u00fan destino.<br data-start=\"1123\" data-end=\"1126\" \/><em data-start=\"1126\" data-end=\"1152\">(Aplican restricciones.)<\/em><\/p>\t\t\t\t\t\t\t\t<\/div>\n\t\t\t\t\t<\/div>\n\t\t\t\t<\/div>\n\t\t<div class=\"elementor-element elementor-element-48b0e6c e-grid e-con-boxed e-con e-parent\" data-id=\"48b0e6c\" data-element_type=\"container\">\n\t\t\t\t\t<div class=\"e-con-inner\">\n\t\t\t\t<div class=\"elementor-element elementor-element-86af9ed etheme-elementor-widget-loaded elementor-widget elementor-widget-image\" data-id=\"86af9ed\" data-element_type=\"widget\" data-widget_type=\"image.default\">\n\t\t\t\t\t\t\t\t\t\t\t\t\t\t\t<img decoding=\"async\" src=\"https:\/\/www.cargodepot.mx\/tienda\/wp-content\/uploads\/elementor\/thumbs\/ENVIO-GRATIS-relxej0frzzszo5noi8iw0a4928dg3hfimslbknytc.png\" title=\"ENV\u00cdO GRATIS\" alt=\"ENV\u00cdO GRATIS\" loading=\"lazy\" \/>\t\t\t\t\t\t\t\t\t\t\t\t\t\t\t<\/div>\n\t\t\t\t\t<\/div>\n\t\t\t\t<\/div>\n\t\t\t\t<\/div>\n\t\t","protected":false},"excerpt":{"rendered":"<p>Cortinas de Atm\u00f3sfera Controlada Cargo Depot \u2744\ufe0f Las cortinas Cargo Depot est\u00e1n dise\u00f1adas para sellar herm\u00e9ticamente la puerta del contenedor, evitando la fuga de gases&#8230;<\/p>\n","protected":false},"featured_media":9629,"comment_status":"open","ping_status":"closed","template":"","meta":[],"etheme_brands":[{"term_id":97,"name":"CargoDepot","slug":"cargodepot","term_group":0,"term_taxonomy_id":97,"taxonomy":"brand","description":"","parent":0,"count":15,"filter":"raw"}],"product_brand":[],"product_cat":[254],"product_tag":[],"class_list":{"0":"post-9623","1":"product","2":"type-product","3":"status-publish","4":"has-post-thumbnail","6":"brand-cargodepot","7":"product_cat-cortinas-de-atmosfera-controlada","9":"first","10":"instock","11":"taxable","12":"shipping-taxable","13":"purchasable","14":"product-type-simple"},"aioseo_notices":[],"_links":{"self":[{"href":"https:\/\/www.cargodepot.mx\/tienda\/wp-json\/wp\/v2\/product\/9623","targetHints":{"allow":["GET"]}}],"collection":[{"href":"https:\/\/www.cargodepot.mx\/tienda\/wp-json\/wp\/v2\/product"}],"about":[{"href":"https:\/\/www.cargodepot.mx\/tienda\/wp-json\/wp\/v2\/types\/product"}],"replies":[{"embeddable":true,"href":"https:\/\/www.cargodepot.mx\/tienda\/wp-json\/wp\/v2\/comments?post=9623"}],"version-history":[{"count":14,"href":"https:\/\/www.cargodepot.mx\/tienda\/wp-json\/wp\/v2\/product\/9623\/revisions"}],"predecessor-version":[{"id":9674,"href":"https:\/\/www.cargodepot.mx\/tienda\/wp-json\/wp\/v2\/product\/9623\/revisions\/9674"}],"wp:featuredmedia":[{"embeddable":true,"href":"https:\/\/www.cargodepot.mx\/tienda\/wp-json\/wp\/v2\/media\/9629"}],"wp:attachment":[{"href":"https:\/\/www.cargodepot.mx\/tienda\/wp-json\/wp\/v2\/media?parent=9623"}],"wp:term":[{"taxonomy":"brand","embeddable":true,"href":"https:\/\/www.cargodepot.mx\/tienda\/wp-json\/wp\/v2\/etheme_brands?post=9623"},{"taxonomy":"product_brand","embeddable":true,"href":"https:\/\/www.cargodepot.mx\/tienda\/wp-json\/wp\/v2\/product_brand?post=9623"},{"taxonomy":"product_cat","embeddable":true,"href":"https:\/\/www.cargodepot.mx\/tienda\/wp-json\/wp\/v2\/product_cat?post=9623"},{"taxonomy":"product_tag","embeddable":true,"href":"https:\/\/www.cargodepot.mx\/tienda\/wp-json\/wp\/v2\/product_tag?post=9623"}],"curies":[{"name":"wp","href":"https:\/\/api.w.org\/{rel}","templated":true}]}}